{"id":1111,"date":"2023-05-06T18:27:12","date_gmt":"2023-05-06T11:27:12","guid":{"rendered":"http:\/\/kthtx.vn\/?page_id=1111"},"modified":"2023-05-06T18:27:12","modified_gmt":"2023-05-06T11:27:12","slug":"chinh-sach-bao-mat-thong-tin","status":"publish","type":"page","link":"https:\/\/kthtx.vn\/index.php\/chinh-sach-bao-mat-thong-tin\/","title":{"rendered":"Ch\u00ednh s\u00e1ch b\u1ea3o m\u1eadt th\u00f4ng tin"},"content":{"rendered":"\n<p>Lotus Vina lu\u00f4n hi\u1ec3u r\u1eb1ng Qu\u00fd kh\u00e1ch h\u00e0ng r\u1ea5t quan t\u00e2m \u0111\u1ebfn vi\u1ec7c nh\u1eefng th\u00f4ng tin c\u00e1 nh\u00e2n m\u00e0 Qu\u00fd kh\u00e1ch \u0111\u00e3 tin c\u1eady cung c\u1ea5p cho ch\u00fang t\u00f4i \u0111\u01b0\u1ee3c b\u1ea3o m\u1eadt v\u00e0 s\u1eed d\u1ee5ng ra sao. Lotus Vina cam k\u1ebft r\u1eb1ng nh\u1eefng th\u00f4ng tin n\u00e0y s\u1ebd \u0111\u01b0\u1ee3c ch\u00fang t\u00f4i n\u1ed7 l\u1ef1c t\u1ed1i \u0111a \u0111\u1ec3 b\u1ea3o m\u1eadt. Lotus Vina \u0111\u1ea3m b\u1ea3o s\u1ebd s\u1eed d\u1ee5ng th\u00f4ng tin kh\u00e1ch h\u00e0ng m\u1ed9t c\u00e1ch h\u1ee3p l\u00fd, c\u00f3 c\u00e2n nh\u1eafc \u0111\u1ec3 kh\u00f4ng ng\u1eebng c\u1ea3i thi\u1ec7n ch\u1ea5t l\u01b0\u1ee3ng d\u1ecbch v\u1ee5 v\u00e0 \u0111em l\u1ea1i cho Qu\u00fd kh\u00e1ch h\u00e0ng nh\u1eefng tr\u1ea3i nghi\u1ec7m th\u00fa v\u1ecb khi mua h\u00e0ng t\u1ea1i kthtx.vn c\u1ee7a\u00a0ch\u00fang t\u00f4i.<\/p>\n\n\n\n<p><strong>1. M\u1ee5c \u0111\u00edch v\u00e0 ph\u1ea1m vi thu th\u1eadp\u00a0th\u00f4ng tin<\/strong><\/p>\n\n\n\n<ul class=\"wp-block-list\"><li>\u0110\u1ec3 \u0111\u0103ng k\u00fd s\u1eed d\u1ee5ng c\u00e1c d\u1ecbch v\u1ee5 ph\u1ea7n m\u1ec1m c\u1ee7a Lotus Vina, Qu\u00fd kh\u00e1ch h\u00e0ng ph\u1ea3i \u0111\u0103ng k\u00fd t\u00e0i kho\u1ea3n v\u00e0 cung c\u1ea5p m\u1ed9t s\u1ed1 th\u00f4ng tin nh\u01b0: T\u00ean doanh nghi\u1ec7p, \u0111\u1ecba ch\u1ec9, m\u00e3 s\u1ed1 thu\u1ebf, ng\u01b0\u1eddi li\u00ean h\u1ec7, s\u1ed1 \u0111i\u1ec7n tho\u1ea1i, email v\u00e0 m\u1ed9t s\u1ed1 th\u00f4ng tin kh\u00e1c. Ph\u1ea7n th\u1ee7 t\u1ee5c \u0111\u0103ng k\u200e\u00fd n\u00e0y gi\u00fap Lotus Vina x\u00e1c \u0111\u1ecbnh th\u00f4ng tin ch\u00ednh x\u00e1c c\u1ee7a Qu\u00fd kh\u00e1ch h\u00e0ng nh\u1eb1m cung c\u1ea5p quy\u1ec1n s\u1eed d\u1ee5ng c\u00e1c s\u1ea3n ph\u1ea9m, d\u1ecbch v\u1ee5 ph\u1ea7n m\u1ec1m. Ngo\u00e0i ra, nh\u1eefng th\u00f4ng tin n\u00e0y s\u1ebd gi\u00fap Lotus Vina c\u00f3 th\u1ec3 li\u00ean h\u1ec7 \u0111\u1ec3 ph\u1ee5c v\u1ee5 Qu\u00fd kh\u00e1ch h\u00e0ng trong su\u1ed1t qu\u00e1 tr\u00ecnh s\u1eed d\u1ee5ng s\u1ea3n ph\u1ea9m, d\u1ecbch v\u1ee5\u00a0c\u1ee7a Lotus Vina.<\/li><li>Ngo\u00e0i nh\u1eefng th\u00f4ng tin b\u1eaft bu\u1ed9c ph\u1ea3i cung c\u1ea5p, Qu\u00fd kh\u00e1ch h\u00e0nh c\u00f3 th\u1ec3 kh\u00f4ng c\u1ea7n cung c\u1ea5p c\u00e1c th\u00f4ng tin kh\u00f4ng b\u1eaft bu\u1ed9c kh\u00e1c. Tuy nhi\u00ean, nh\u1eefng th\u00f4ng tin n\u00e0y s\u1ebd r\u1ea5t h\u1eefu \u00edch cho Lotus Vina khi th\u1ef1c hi\u1ec7n c\u00e1c d\u1ecbch v\u1ee5 ch\u0103m s\u00f3c v\u00e0 h\u1ed7 tr\u1ee3 sau b\u00e1n h\u00e0ng, v\u00ec th\u1ebf Qu\u00fd kh\u00e1ch h\u00e0ng n\u00ean \u0111i\u1ec1n \u0111\u1ea7y \u0111\u1ee7 t\u1ea5t c\u1ea3 nh\u1eefng th\u00f4ng tin \u0111\u01b0\u1ee3c y\u00eau c\u1ea7u trong qu\u00e1 tr\u00ecnh t\u1ea1o t\u00e0i kho\u1ea3n, \u0111\u0103ng k\u00fd mua c\u00e1c s\u1ea3n ph\u1ea9m, d\u1ecbch v\u1ee5\u00a0c\u1ee7a Lotus Vina.<\/li><\/ul>\n\n\n\n<p><strong>2. Ph\u1ea1m vi s\u1eed d\u1ee5ng\u00a0th\u00f4ng tin Lotus Vina cam k\u1ebft s\u1ebd ch\u1ec9 s\u1eed d\u1ee5ng th\u00f4ng tin c\u1ee7a Qu\u00fd kh\u00e1ch\u00a0h\u00e0ng \u0111\u1ec3:<\/strong><\/p>\n\n\n\n<ul class=\"wp-block-list\"><li>Qu\u1ea3n l\u00fd v\u00e0 c\u1ea5p quy\u1ec1n s\u1eed d\u1ee5ng c\u00e1c s\u1ea3n ph\u1ea9m, d\u1ecbch v\u1ee5 ph\u1ea7n m\u1ec1m m\u00e0 Lotus Vina cung c\u1ea5p cho\u00a0kh\u00e1ch h\u00e0ng.<\/li><li>Li\u00ean l\u1ea1c, g\u1eedi th\u00f4ng b\u00e1o cho kh\u00e1ch h\u00e0ng khi s\u1ea3n ph\u1ea9m, d\u1ecbch v\u1ee5 c\u00f3 s\u1ef1 c\u1eadp nh\u1eadt,\u00a0thay \u0111\u1ed5i.<\/li><li>G\u1eedi th\u00f4ng b\u00e1o m\u1eddi kh\u00e1ch h\u00e0ng \u0111\u0103ng k\u00fd n\u00e2ng c\u1ea5p s\u1ea3n ph\u1ea9m ho\u1eb7c gia h\u1ea1n d\u1ecbch v\u1ee5 khi kh\u00e1ch h\u00e0ng s\u1eafp h\u1ebft h\u1ea1n s\u1eed d\u1ee5ng\u00a0d\u1ecbch v\u1ee5.<\/li><li>Th\u1ef1c hi\u1ec7n c\u00e1c ho\u1ea1t \u0111\u1ed9ng ch\u0103m s\u00f3c, h\u1ed7 tr\u1ee3 sau\u00a0b\u00e1n h\u00e0ng.<\/li><li>Gi\u1ea3i quy\u1ebft c\u00e1c khi\u1ebfu n\u1ea1i,\u00a0v\u00e0 h\u1ed7 tr\u1ee3 qu\u00fd kh\u00e1ch.<\/li><\/ul>\n\n\n\n<p>Lotus Vina cam k\u1ebft kh\u00f4ng chia s\u1ebb th\u00f4ng tin kh\u00e1ch h\u00e0ng cho b\u1ea5t k\u1ef3 b\u00ean th\u1ee9 3 n\u00e0o ngo\u1ea1i tr\u1eeb khi c\u00f3 y\u00eau c\u1ea7u c\u1ee7a c\u01a1 quan c\u00f3 th\u1ea9m quy\u1ec1n c\u1ee7a\u00a0nh\u00e0 n\u01b0\u1edbc.<\/p>\n\n\n\n<p> Cam k\u1ebft b\u1ea3o m\u1eadt th\u00f4ng tin c\u00e1 nh\u00e2n\u00a0kh\u00e1ch h\u00e0ng<\/p>\n\n\n\n<ul class=\"wp-block-list\"><li>Lotus Vina cam k\u1ebft lu\u00f4n n\u1ed7 l\u1ef1c s\u1eed d\u1ee5ng nh\u1eefng bi\u1ec7n ph\u00e1p t\u1ed1t nh\u1ea5t \u0111\u1ec3 b\u1ea3o m\u1eadt th\u00f4ng tin c\u1ee7a kh\u00e1ch h\u00e0ng nh\u1eb1m \u0111\u1ea3m b\u1ea3o nh\u1eefng th\u00f4ng tin n\u00e0y kh\u00f4ng b\u1ecb \u0111\u00e1nh c\u1eafp, ti\u1ebft l\u1ed9 ngo\u00e0i\u00a0\u00fd mu\u1ed1n.<\/li><li>Lotus Vina cam k\u1ebft kh\u00f4ng chia s\u1ebb, b\u00e1n ho\u1eb7c cho thu\u00ea th\u00f4ng tin c\u1ee7a kh\u00e1ch h\u00e0ng v\u1edbi b\u1ea5t k\u1ef3 b\u00ean th\u1ee9\u00a0ba n\u00e0o.<\/li><\/ul>\n","protected":false},"excerpt":{"rendered":"<p>Ch\u00ednh s\u00e1ch b\u1ea3o m\u1eadt th\u00f4ng tin<\/p>\n","protected":false},"author":1,"featured_media":0,"parent":0,"menu_order":0,"comment_status":"closed","ping_status":"closed","template":"","meta":{"_mi_skip_tracking":false,"_monsterinsights_sitenote_active":false,"_monsterinsights_sitenote_note":"","_monsterinsights_sitenote_category":0,"footnotes":""},"class_list":["post-1111","page","type-page","status-publish","hentry","grid-sizer"],"_links":{"self":[{"href":"https:\/\/kthtx.vn\/index.php\/wp-json\/wp\/v2\/pages\/1111","targetHints":{"allow":["GET"]}}],"collection":[{"href":"https:\/\/kthtx.vn\/index.php\/wp-json\/wp\/v2\/pages"}],"about":[{"href":"https:\/\/kthtx.vn\/index.php\/wp-json\/wp\/v2\/types\/page"}],"author":[{"embeddable":true,"href":"https:\/\/kthtx.vn\/index.php\/wp-json\/wp\/v2\/users\/1"}],"replies":[{"embeddable":true,"href":"https:\/\/kthtx.vn\/index.php\/wp-json\/wp\/v2\/comments?post=1111"}],"version-history":[{"count":1,"href":"https:\/\/kthtx.vn\/index.php\/wp-json\/wp\/v2\/pages\/1111\/revisions"}],"predecessor-version":[{"id":1114,"href":"https:\/\/kthtx.vn\/index.php\/wp-json\/wp\/v2\/pages\/1111\/revisions\/1114"}],"wp:attachment":[{"href":"https:\/\/kthtx.vn\/index.php\/wp-json\/wp\/v2\/media?parent=1111"}],"curies":[{"name":"wp","href":"https:\/\/api.w.org\/{rel}","templated":true}]}}