{"id":1829,"date":"2024-04-16T16:42:24","date_gmt":"2024-04-16T09:42:24","guid":{"rendered":"http:\/\/kthtx.vn\/?page_id=1829"},"modified":"2026-03-31T20:39:53","modified_gmt":"2026-03-31T13:39:53","slug":"hoi-dap-ke-toan-htx","status":"publish","type":"page","link":"https:\/\/kthtx.vn\/index.php\/hoi-dap-ke-toan-htx\/","title":{"rendered":"H\u1ecfi \u0111\u00e1p k\u1ebf to\u00e1n HTX"},"content":{"rendered":"\n<figure class=\"wp-block-embed is-type-video is-provider-youtube wp-block-embed-youtube wp-embed-aspect-16-9 wp-has-aspect-ratio\"><div class=\"wp-block-embed__wrapper\">\n<iframe loading=\"lazy\" title=\"C\u00e1ch n\u1ed9p thuy\u1ebft minh t\u00e0i ch\u00ednh tr\u00ean dichvucong\" width=\"810\" height=\"456\" src=\"https:\/\/www.youtube.com\/embed\/ftp9N1AUAyg?feature=oembed\" frameborder=\"0\" allow=\"accelerometer; autoplay; clipboard-write; encrypted-media; gyroscope; picture-in-picture; web-share\" referrerpolicy=\"strict-origin-when-cross-origin\" allowfullscreen><\/iframe>\n<\/div><\/figure>\n\n\n\n\n\n<p><a href=\"https:\/\/kthtx.vn\/index.php\/2024\/04\/17\/huong-dan-cach-tao-nam-lam-viec-moi-tao-nam-tai-chinh\/\">H\u01b0\u1edbng d\u1eabn t\u1ea1o n\u0103m l\u00e0m vi\u1ec7c m\u1edbi (t\u1ea1o t\u0103m t\u00e0i ch\u00ednh)<\/a><\/p>\n\n\n\n<p><a href=\"https:\/\/kthtx.vn\/index.php\/2024\/04\/17\/huong-dan-lua-chon-nam-tai-chinh\/\">H\u01b0\u1edbng d\u1eabn l\u1ef1a ch\u1ecdn n\u0103m t\u00e0i ch\u00ednh <\/a><\/p>\n\n\n\n<p><a href=\"https:\/\/kthtx.vn\/index.php\/2024\/04\/17\/khong-nhap-duoc-ngay-tren-phieu\/\">L\u1ed7i kh\u00f4ng nh\u1eadp \u0111\u01b0\u1ee3c ng\u00e0y tr\u00ean phi\u1ebfu<\/a><\/p>\n\n\n\n<p><a href=\"https:\/\/kthtx.vn\/index.php\/2024\/04\/17\/khong-dang-nhap-duoc-vao-phan-mem-man-hinh-khong-hien-thi-ten-dang-nhap-ten-nguoi-dung\/\">Kh\u00f4ng \u0111\u0103ng nh\u1eadp \u0111\u01b0\u1ee3c v\u00e0o ph\u1ea7n m\u1ec1m, m\u00e0n h\u00ecnh kh\u00f4ng hi\u1ec3n th\u1ecb t\u00ean \u0111\u0103ng nh\u1eadp <\/a><\/p>\n\n\n\n<p><a href=\"https:\/\/kthtx.vn\/index.php\/2024\/04\/17\/sua-loi-khong-go-duoc-tieng-viet-tren-he-dieu-hanh-window-10\/\">S\u1eeda l\u1ed7i kh\u00f4ng g\u00f5 \u0111\u01b0\u1ee3c Ti\u1ebfng vi\u1ec7t tr\u00ean h\u1ec7 \u0111i\u1ec1u h\u00e0nh Window 10<\/a><\/p>\n\n\n\n<p><a href=\"https:\/\/kthtx.vn\/index.php\/2024\/04\/17\/cai-dat-forn-chu-abc-de-nhap-du-lieu-vao-phan-mem-ke-toan-lotus-tren-may-tinh\/\">C\u00e0i \u0111\u1eb7t forn ch\u1eef ABC \u0111\u1ec3 nh\u1eadp d\u1eef li\u1ec7u v\u00e0o ph\u1ea7n m\u1ec1m k\u1ebf to\u00e1n Lotus <\/a><\/p>\n\n\n\n<p><a href=\"https:\/\/kthtx.vn\/index.php\/2024\/04\/17\/doi-chu-chu-nhiem-thanh-giam-doc-tren-cac-bao-cao-tai-chinh\/\">\u0110\u1ed5i ch\u1eef Ch\u1ee7 nhi\u1ec7m th\u00e0nh Gi\u00e1m \u0111\u1ed1c tr\u00ean c\u00e1c b\u00e1o c\u00e1o t\u00e0i ch\u00ednh <\/a><\/p>\n\n\n\n<p><a href=\"https:\/\/kthtx.vn\/index.php\/2024\/04\/17\/nguyen-nhan-va-cach-khac-phuc-khi-bang-can-doi-ke-toan-khong-can\/\">Nguy\u00ean nh\u00e2n v\u00e0 c\u00e1ch kh\u1eafc ph\u1ee5c khi b\u1ea3ng c\u00e2n \u0111\u1ed1i k\u1ebf to\u00e1n kh\u00f4ng c\u00e2n <\/a><\/p>\n\n\n\n<p><a href=\"https:\/\/kthtx.vn\/index.php\/2024\/04\/17\/cach-khac-phuc-khi-bang-can-doi-phat-sinh-bang-can-doi-tai-khoan-khong-can\/\">C\u00e1ch kh\u1eafc ph\u1ee5c khi b\u1ea3ng c\u00e2n \u0111\u1ed1i ph\u00e1t sinh (b\u1ea3ng c\u00e2n \u0111\u1ed1i t\u00e0i kho\u1ea3n) kh\u00f4ng c\u00e2n <\/a><\/p>\n\n\n\n<p><a href=\"https:\/\/kthtx.vn\/index.php\/2024\/04\/17\/cong-viec-cua-ke-toan-hop-tac-xa-bao-gom-nhung-gi\/\">C\u00f4ng vi\u1ec7c c\u1ee7a k\u1ebf to\u00e1n h\u1ee3p t\u00e1c x\u00e3 bao g\u1ed3m nh\u1eefng g\u00ec?<\/a><\/p>\n\n\n\n<p><a href=\"https:\/\/kthtx.vn\/index.php\/2024\/04\/17\/quy-dinh-ve-tai-khoan-ke-toan-hop-tac-xa-lien-hiep-hop-tac-xa\/\">Quy \u0111\u1ecbnh v\u1ec1 t\u00e0i kho\u1ea3n k\u1ebf to\u00e1n h\u1ee3p t\u00e1c x\u00e3, li\u00ean hi\u1ec7p h\u1ee3p t\u00e1c x\u00e3 <\/a><\/p>\n\n\n\n<p><a href=\"https:\/\/kthtx.vn\/index.php\/2024\/04\/17\/quy-dinh-ve-chung-tu-ke-toan-hop-tac-xa-lien-hiep-hop-tac-xa\/\">Quy \u0111\u1ecbnh v\u1ec1 ch\u1ee9ng t\u1eeb k\u1ebf to\u00e1n h\u1ee3p t\u00e1c x\u00e3<\/a><\/p>\n\n\n\n<p><a href=\"https:\/\/kthtx.vn\/index.php\/2024\/04\/17\/quy-dinh-ve-so-ke-toan-hop-tac-xa-lien-hiep-hop-tac-xa\/\">Quy \u0111\u1ecbnh v\u1ec1 s\u1ed5 k\u1ebf to\u00e1n h\u1ee3p t\u00e1c x\u00e3, li\u00ean hi\u1ec7p h\u1ee3p t\u00e1c x\u00e3<\/a><\/p>\n\n\n\n<p><a href=\"https:\/\/kthtx.vn\/index.php\/2024\/04\/17\/quy-dinh-ve-chuyen-so-du-tren-so-ke-toan-trong-cong-tac-ke-toan-hop-tac-xa-va-lien-hiep-hop-tac-xa\/\">Quy \u0111\u1ecbnh v\u1ec1 chuy\u1ec3n s\u1ed1 d\u01b0 tr\u00ean s\u1ed5 k\u1ebf to\u00e1n trong c\u00f4ng t\u00e1c k\u1ebf to\u00e1n h\u1ee3p t\u00e1c x\u00e3<\/a><\/p>\n\n\n\n<p><a href=\"https:\/\/kthtx.vn\/index.php\/2024\/04\/17\/quy-dinh-ve-bao-cao-tai-chinh-hop-tac-xa-lien-hiep-hop-tac-xa\/\">Quy \u0111\u1ecbnh v\u1ec1 B\u00e1o c\u00e1o t\u00e0i ch\u00ednh h\u1ee3p t\u00e1c x\u00e3, li\u00ean hi\u1ec7p h\u1ee3p t\u00e1c x\u00e3<\/a><\/p>\n\n\n\n<figure class=\"wp-block-embed is-type-wp-embed is-provider-lotus wp-block-embed-lotus\"><div class=\"wp-block-embed__wrapper\">\n<blockquote class=\"wp-embedded-content\" data-secret=\"CEtq8T8zYe\"><a href=\"https:\/\/kthtx.vn\/index.php\/phan-mem-ke-toan-htx\/\">Ph\u1ea7n m\u1ec1m k\u1ebf to\u00e1n h\u1ee3p t\u00e1c x\u00e3 theo th\u00f4ng t\u01b0 71 2024\/TT-BTC<\/a><\/blockquote><iframe loading=\"lazy\" class=\"wp-embedded-content\" sandbox=\"allow-scripts\" security=\"restricted\" style=\"position: absolute; visibility: hidden;\" title=\"&#8220;Ph\u1ea7n m\u1ec1m k\u1ebf to\u00e1n h\u1ee3p t\u00e1c x\u00e3 theo th\u00f4ng t\u01b0 71 2024\/TT-BTC&#8221; &#8212; Lotus\" src=\"https:\/\/kthtx.vn\/index.php\/phan-mem-ke-toan-htx\/embed\/#?secret=KwdRdWX2OK#?secret=CEtq8T8zYe\" data-secret=\"CEtq8T8zYe\" width=\"600\" height=\"338\" frameborder=\"0\" marginwidth=\"0\" marginheight=\"0\" scrolling=\"no\"><\/iframe>\n<\/div><\/figure>\n","protected":false},"excerpt":{"rendered":"<p>H\u01b0\u1edbng d\u1eabn t\u1ea1o n\u0103m l\u00e0m vi\u1ec7c m\u1edbi (t\u1ea1o t\u0103m t\u00e0i ch\u00ednh) H\u01b0\u1edbng d\u1eabn l\u1ef1a ch\u1ecdn n\u0103m t\u00e0i ch\u00ednh L\u1ed7i kh\u00f4ng nh\u1eadp \u0111\u01b0\u1ee3c ng\u00e0y tr\u00ean phi\u1ebfu Kh\u00f4ng \u0111\u0103ng nh\u1eadp \u0111\u01b0\u1ee3c v\u00e0o ph\u1ea7n m\u1ec1m, m\u00e0n h\u00ecnh kh\u00f4ng hi\u1ec3n th\u1ecb t\u00ean \u0111\u0103ng nh\u1eadp S\u1eeda l\u1ed7i kh\u00f4ng g\u00f5 \u0111\u01b0\u1ee3c Ti\u1ebfng vi\u1ec7t tr\u00ean h\u1ec7 \u0111i\u1ec1u h\u00e0nh Window 10 C\u00e0i \u0111\u1eb7t &hellip; <\/p>\n","protected":false},"author":1,"featured_media":0,"parent":0,"menu_order":0,"comment_status":"closed","ping_status":"closed","template":"","meta":{"_mi_skip_tracking":false,"_monsterinsights_sitenote_active":false,"_monsterinsights_sitenote_note":"","_monsterinsights_sitenote_category":0,"footnotes":""},"class_list":["post-1829","page","type-page","status-publish","hentry","grid-sizer"],"_links":{"self":[{"href":"https:\/\/kthtx.vn\/index.php\/wp-json\/wp\/v2\/pages\/1829","targetHints":{"allow":["GET"]}}],"collection":[{"href":"https:\/\/kthtx.vn\/index.php\/wp-json\/wp\/v2\/pages"}],"about":[{"href":"https:\/\/kthtx.vn\/index.php\/wp-json\/wp\/v2\/types\/page"}],"author":[{"embeddable":true,"href":"https:\/\/kthtx.vn\/index.php\/wp-json\/wp\/v2\/users\/1"}],"replies":[{"embeddable":true,"href":"https:\/\/kthtx.vn\/index.php\/wp-json\/wp\/v2\/comments?post=1829"}],"version-history":[{"count":5,"href":"https:\/\/kthtx.vn\/index.php\/wp-json\/wp\/v2\/pages\/1829\/revisions"}],"predecessor-version":[{"id":2637,"href":"https:\/\/kthtx.vn\/index.php\/wp-json\/wp\/v2\/pages\/1829\/revisions\/2637"}],"wp:attachment":[{"href":"https:\/\/kthtx.vn\/index.php\/wp-json\/wp\/v2\/media?parent=1829"}],"curies":[{"name":"wp","href":"https:\/\/api.w.org\/{rel}","templated":true}]}}