{"id":1913,"date":"2024-04-19T10:08:19","date_gmt":"2024-04-19T03:08:19","guid":{"rendered":"http:\/\/kthtx.vn\/?page_id=1913"},"modified":"2025-10-07T15:15:30","modified_gmt":"2025-10-07T08:15:30","slug":"huong-dan-sd-phan-mem-ke-toan-htx","status":"publish","type":"page","link":"https:\/\/kthtx.vn\/index.php\/support\/huong-dan-sd-phan-mem-ke-toan-htx\/","title":{"rendered":"H\u01b0\u1edbng d\u1eabn SD ph\u1ea7n m\u1ec1m k\u1ebf to\u00e1n HTX"},"content":{"rendered":"\n<figure><iframe loading=\"lazy\" src=\"https:\/\/www.youtube.com\/embed\/B2MnhTdqwfk\" allowfullscreen=\"\" width=\"950\" height=\"650\"><\/iframe><\/figure>\n\n\n\n<p>M\u1ee4C L\u1ee4C <\/p>\n\n\n\n<p><a href=\"https:\/\/kthtx.vn\/index.php\/2024\/04\/10\/cach-mo-phan-mem-ke-toan-cua-cong-ty\/\">C\u00e1ch m\u1edf ph\u1ea7n m\u1ec1m k\u1ebf to\u00e1n c\u1ee7a c\u00f4ng ty<\/a><\/p>\n\n\n\n<p><a href=\"https:\/\/kthtx.vn\/index.php\/2024\/04\/10\/quy-uoc-chung-trong-phan-mem-lotus\/\">Quy \u01b0\u1edbc chung trong ph\u1ea7n m\u1ec1m k\u1ebf to\u00e1n Lotus <\/a><\/p>\n\n\n\n<p>H\u1ec6 TH\u1ed0NG<\/p>\n\n\n\n<p><a href=\"https:\/\/kthtx.vn\/index.php\/2024\/04\/11\/doi-mat-khau-nguoi-dung\/\">H\u01b0\u1edbng d\u1eabn \u0111\u1ed5i m\u1eadt kh\u1ea9u <\/a><\/p>\n\n\n\n<p><a href=\"http:\/\/kthtx.vn\/index.php\/2024\/04\/11\/chuyen-so-du\/\">Chuy\u1ec3n s\u1ed1 d\u01b0 n\u0103m t\u00e0i ch\u00ednh<\/a><\/p>\n\n\n\n<p><a href=\"http:\/\/kthtx.vn\/index.php\/2024\/04\/11\/khoa-so-lieu-va-tao-nam-tai-chinh\/\">Kho\u00e1 s\u1ed1 li\u1ec7u n\u0103m t\u00e0i ch\u00ednh<\/a><\/p>\n\n\n\n<p><a href=\"https:\/\/kthtx.vn\/index.php\/2024\/04\/11\/sao-luu-du-lieu\/\">Sao l\u01b0u d\u1eef li\u1ec7u<\/a><\/p>\n\n\n\n<p><a href=\"https:\/\/kthtx.vn\/index.php\/2024\/04\/11\/quan-tri-du-lieu\/\">Qu\u1ea3n tr\u1ecb d\u1eef li\u1ec7u<\/a><\/p>\n\n\n\n<p><a href=\"https:\/\/kthtx.vn\/index.php\/2024\/04\/11\/quan-ly-nguoi-dung\/\">Qu\u1ea3n l\u00fd ng\u01b0\u1eddi d\u00f9ng<\/a><\/p>\n\n\n\n<p><a href=\"https:\/\/kthtx.vn\/index.php\/2024\/04\/11\/khai-bao-chung-tu\/\">Khai b\u00e1o ch\u1ee9ng t\u1eeb<\/a><\/p>\n\n\n\n<p><a href=\"https:\/\/kthtx.vn\/index.php\/2024\/04\/11\/khai-bao-thong-tin-he-thong\/\">Khai b\u00e1o th\u00f4ng tin h\u1ec7 th\u1ed1ng<\/a><\/p>\n\n\n\n<p><a href=\"https:\/\/kthtx.vn\/index.php\/2024\/04\/11\/tien-ich-cua-phan-mem-lotus\/\">Ti\u1ec7n \u00edch c\u1ee7a ph\u1ea7n m\u1ec1m k\u1ebf to\u00e1n Lotus<\/a><\/p>\n\n\n\n<p>PH\u00c1T SINH<\/p>\n\n\n\n<p><a href=\"https:\/\/kthtx.vn\/index.php\/2024\/04\/11\/chung-tu-tu-dong\/\">Ch\u1ee9ng t\u1eeb t\u1ef1 \u0111\u1ed9ng<\/a><\/p>\n\n\n\n<p><a href=\"https:\/\/kthtx.vn\/index.php\/2024\/04\/11\/phieu-ke-toan-khac\/\">Phi\u1ebfu k\u1ebf to\u00e1n kh\u00e1c<\/a> <\/p>\n\n\n\n<p><a href=\"https:\/\/kthtx.vn\/index.php\/2024\/04\/11\/chuc-nang-ke-toan-tscd-ccdc\/\">Ch\u1ee9c n\u0103ng k\u1ebf to\u00e1n TSC\u0110 &#8211; CCDC<\/a><\/p>\n\n\n\n<p><a href=\"https:\/\/kthtx.vn\/index.php\/2024\/04\/11\/cap-nhap-so-lieu-quan-ly-tai-san\/\">C\u1eadp nh\u1eadp s\u1ed1 li\u1ec7u qu\u1ea3n l\u00fd t\u00e0i s\u1ea3n<\/a><\/p>\n\n\n\n<p><a href=\"https:\/\/kthtx.vn\/index.php\/2024\/04\/10\/chuc-nang-ke-toan-hang-ton-kho\/\">Ch\u1ee9c n\u0103ng c\u1ee7a k\u1ebf to\u00e1n h\u00e0ng t\u1ed3n kho<\/a><\/p>\n\n\n\n<p><a href=\"https:\/\/kthtx.vn\/index.php\/2024\/04\/10\/phieu-xuat-kho\/\">Phi\u1ebfu xu\u1ea5t kho<\/a><\/p>\n\n\n\n<p><a href=\"https:\/\/kthtx.vn\/index.php\/2024\/04\/10\/phieu-nhap-kho\/\">Phi\u1ebfu nh\u1eadp kho<\/a><\/p>\n\n\n\n<p><a href=\"https:\/\/kthtx.vn\/index.php\/2024\/04\/10\/hoa-don-ban-hang\/\">H\u00f3a \u0111\u01a1n b\u00e1n h\u00e0ng<\/a><\/p>\n\n\n\n<p><a href=\"https:\/\/kthtx.vn\/index.php\/2024\/04\/10\/hang-ban-bi-tra-lai\/\">H\u00e0ng b\u00e1n b\u1ecb tr\u1ea3 l\u1ea1i<\/a><\/p>\n\n\n\n<p><a href=\"https:\/\/kthtx.vn\/index.php\/2024\/04\/10\/phieu-bu-tru-cong-no\/\">Phi\u1ebfu b\u00f9 tr\u1eeb c\u00f4ng n\u1ee3<\/a><\/p>\n\n\n\n<p><a href=\"https:\/\/kthtx.vn\/index.php\/2024\/04\/10\/chuc-nang-ke-toan-ban-hang\/\">Ch\u1ee9c n\u0103ng c\u1ee7a k\u1ebf to\u00e1n b\u00e1n h\u00e0ng<\/a><\/p>\n\n\n\n<p><a href=\"https:\/\/kthtx.vn\/index.php\/2024\/04\/10\/chi-phi-van-chuyen\/\" title=\"Chi ph\u00ed v\u1eadn chuy\u1ec3n\">Chi ph\u00ed v\u1eadn chuy\u1ec3n<\/a><\/p>\n\n\n\n<p><a href=\"https:\/\/kthtx.vn\/index.php\/2024\/04\/10\/chuc-nang-cua-ke-toan-mua-hang\/\">Ch\u1ee9c n\u0103ng c\u1ee7a k\u1ebf to\u00e1n mua h\u00e0ng<\/a><\/p>\n\n\n\n<p><a href=\"https:\/\/kthtx.vn\/index.php\/2024\/04\/10\/phieu-nhap-mua\/\">Phi\u1ebfu nh\u1eadp mua <\/a><\/p>\n\n\n\n<p><a href=\"https:\/\/kthtx.vn\/index.php\/2024\/04\/10\/bao-no-ngan-hang\/\">B\u00e1o n\u1ee3 ng\u00e2n h\u00e0ng<\/a><\/p>\n\n\n\n<p><a href=\"https:\/\/kthtx.vn\/index.php\/2024\/04\/10\/phieu-chi-tien-mat\/\">Phi\u1ebfu chi ti\u1ec1n m\u1eb7t <\/a><\/p>\n\n\n\n<p><a href=\"https:\/\/kthtx.vn\/index.php\/2024\/04\/10\/bao-co-ngan-hang\/\">B\u00e1o c\u00f3 ng\u00e2n h\u00e0ng <\/a><\/p>\n\n\n\n<p><a href=\"https:\/\/kthtx.vn\/index.php\/2024\/04\/10\/phieu-thu-tien-mat\/\">Phi\u1ebfu thu ng\u00e2n h\u00e0ng <\/a><\/p>\n\n\n\n<p><\/p>\n\n\n\n<p>DANH M\u1ee4C<\/p>\n\n\n\n<p><a href=\"https:\/\/kthtx.vn\/index.php\/2024\/04\/10\/ty-gia-hach-toan\/\">T\u1ef7 gi\u00e1 h\u1ea1ch to\u00e1n <\/a><\/p>\n\n\n\n<p><a href=\"https:\/\/kthtx.vn\/index.php\/2024\/04\/10\/danh-muc-bieu-thue\/\">Danh m\u1ee5c bi\u1ec3u thu\u1ebf<\/a><\/p>\n\n\n\n<p><a href=\"https:\/\/kthtx.vn\/index.php\/2024\/04\/10\/danh-muc-ly-do-tang-giam-tai-san-co-dinh\/\">Danh m\u1ee5c l\u00fd do t\u0103ng gi\u1ea3m TSC\u0110<\/a><\/p>\n\n\n\n<p><a href=\"https:\/\/kthtx.vn\/index.php\/2024\/04\/10\/danh-muc-muc-dich-su-dung\/\">Danh m\u1ee5c m\u1ee5c \u0111\u00edch s\u1eed d\u1ee5ng <\/a><\/p>\n\n\n\n<p><a href=\"https:\/\/kthtx.vn\/index.php\/2024\/04\/10\/danh-muc-nguon-von\/\">Danh m\u1ee5c ngu\u1ed3n v\u1ed1n <\/a><\/p>\n\n\n\n<p><a href=\"https:\/\/kthtx.vn\/index.php\/2024\/04\/10\/danh-muc-kho-hang-hoa-vat-tu\/\">Danh m\u1ee5c kho h\u00e0ng h\u00f3a v\u1eadt t\u01b0<\/a> <\/p>\n\n\n\n<p><a href=\"https:\/\/kthtx.vn\/index.php\/2024\/04\/10\/danh-muc-vat-tu-hang-hoa\/\">Danh m\u1ee5c v\u1eadt t\u01b0 h\u00e0ng h\u00f3a <\/a><\/p>\n\n\n\n<p><a href=\"https:\/\/kthtx.vn\/index.php\/2024\/04\/10\/danh-muc-dang-nhap-xuat\/\">Danh m\u1ee5c d\u1ea1ng nh\u1eadp xu\u1ea5t <\/a><\/p>\n\n\n\n<p><a href=\"https:\/\/kthtx.vn\/index.php\/2024\/04\/10\/danh-muc-nhom-vat-tu-hang-hoa\/\">Danh m\u1ee5c nh\u00f3m v\u1eadt t\u01b0 h\u00e0ng h\u00f3a <\/a><\/p>\n\n\n\n<p><a href=\"https:\/\/kthtx.vn\/index.php\/2024\/04\/10\/danh-muc-doi-tuong-khach-hang-xa-vien-nha-cung-cap\/\">Danh m\u1ee5c \u0111\u1ed1i t\u01b0\u01a1ng (Kh\u00e1ch h\u00e0ng, x\u00e3 vi\u00ean, nh\u00e0 cung c\u1ea5p)<\/a><\/p>\n\n\n\n<p><a href=\"https:\/\/kthtx.vn\/index.php\/2024\/04\/10\/danh-muc-khoan-muc-phi\/\">Danh m\u1ee5c kho\u1ea3n ph\u00ed <\/a><\/p>\n\n\n\n<p><a href=\"https:\/\/kthtx.vn\/index.php\/2024\/04\/10\/danh-muc-nhom-doi-tuong\/\">Danh m\u1ee5c nh\u00f3m \u0111\u1ed1i t\u01b0\u1ee3ng<\/a><\/p>\n\n\n\n<p>\u0110\u1ea6U K\u1ef2<\/p>\n\n\n\n<p><a href=\"https:\/\/kthtx.vn\/index.php\/2024\/04\/10\/ton-kho-dau-ky\/\">T\u1ed3n kho \u0111\u1ea7u k\u1ef3<\/a><\/p>\n\n\n\n<p><a href=\"https:\/\/kthtx.vn\/index.php\/2024\/04\/10\/so-du-dau-tai-khoan\/\">S\u1ed1 d\u01b0 \u0111\u1ea7u t\u00e0i kho\u1ea3n <\/a><\/p>\n\n\n\n<p>CU\u1ed0I K\u1ef2<\/p>\n\n\n\n<p><a href=\"https:\/\/kthtx.vn\/index.php\/2024\/04\/11\/but-toan-khoa-so\/\">B\u00fat to\u00e1n kh\u00f3a s\u1ed5<\/a><\/p>\n\n\n\n<p><a href=\"https:\/\/kthtx.vn\/index.php\/2024\/04\/11\/chuc-nang-tinh-khau-hao-tai-san-co-dinh\/\">Ch\u1ee9c n\u0103ng c\u1ee7a t\u00ednh kh\u1ea5u hao TSC\u0110<\/a><\/p>\n\n\n\n<p><a href=\"https:\/\/kthtx.vn\/index.php\/2024\/04\/11\/tinh-khau-hao-tai-san-co-dinh\/\">T\u00ednh kh\u1ea5u hao TSC\u0110<\/a><\/p>\n\n\n\n<p><a href=\"https:\/\/kthtx.vn\/index.php\/2024\/04\/10\/tinh-gia-von-hang-xuat\/\">T\u00ednh gi\u00e1 v\u1ed1n h\u00e0ng xu\u1ea5t <\/a><\/p>\n\n\n\n<p>S\u1ed4 S\u00c1CH<\/p>\n\n\n\n<p><a href=\"https:\/\/kthtx.vn\/index.php\/2024\/04\/11\/bang-can-doi-ke-toan\/\">S\u1ed5 s\u00e1ch k\u1ebf to\u00e1n <\/a><\/p>\n\n\n\n<p><a href=\"https:\/\/kthtx.vn\/index.php\/2024\/04\/11\/so-chi-tiet-tai-khoan\/\">S\u1ed5 chi ti\u1ebft t\u00e0i kho\u1ea3n <\/a><\/p>\n\n\n\n<p><a href=\"https:\/\/kthtx.vn\/index.php\/2024\/04\/11\/so-chi-tiet-cong-no\/\">S\u1ed5 chi ti\u1ebft c\u00f4ng n\u1ee3 <\/a><\/p>\n\n\n\n<p><a href=\"https:\/\/kthtx.vn\/index.php\/2024\/04\/11\/bang-can-doi-phat-sinh\/\">B\u1ea3ng c\u00e2n \u0111\u1ed1i ph\u00e1t sinh<\/a><\/p>\n\n\n\n<p><a href=\"https:\/\/kthtx.vn\/index.php\/2024\/04\/11\/bang-can-doi-ke-toan\/\">B\u1ea3ng c\u00e2n \u0111\u1ed1i k\u1ebf to\u00e1n <\/a><\/p>\n","protected":false},"excerpt":{"rendered":"<p>M\u1ee4C L\u1ee4C C\u00e1ch m\u1edf ph\u1ea7n m\u1ec1m k\u1ebf to\u00e1n c\u1ee7a c\u00f4ng ty Quy \u01b0\u1edbc chung trong ph\u1ea7n m\u1ec1m k\u1ebf to\u00e1n Lotus H\u1ec6 TH\u1ed0NG H\u01b0\u1edbng d\u1eabn \u0111\u1ed5i m\u1eadt kh\u1ea9u Chuy\u1ec3n s\u1ed1 d\u01b0 n\u0103m t\u00e0i ch\u00ednh Kho\u00e1 s\u1ed1 li\u1ec7u n\u0103m t\u00e0i ch\u00ednh Sao l\u01b0u d\u1eef li\u1ec7u Qu\u1ea3n tr\u1ecb d\u1eef li\u1ec7u Qu\u1ea3n l\u00fd ng\u01b0\u1eddi d\u00f9ng Khai b\u00e1o ch\u1ee9ng t\u1eeb &hellip; <\/p>\n","protected":false},"author":1,"featured_media":0,"parent":42,"menu_order":0,"comment_status":"closed","ping_status":"closed","template":"","meta":{"_mi_skip_tracking":false,"_monsterinsights_sitenote_active":false,"_monsterinsights_sitenote_note":"","_monsterinsights_sitenote_category":0,"footnotes":""},"class_list":["post-1913","page","type-page","status-publish","hentry","grid-sizer"],"_links":{"self":[{"href":"https:\/\/kthtx.vn\/index.php\/wp-json\/wp\/v2\/pages\/1913","targetHints":{"allow":["GET"]}}],"collection":[{"href":"https:\/\/kthtx.vn\/index.php\/wp-json\/wp\/v2\/pages"}],"about":[{"href":"https:\/\/kthtx.vn\/index.php\/wp-json\/wp\/v2\/types\/page"}],"author":[{"embeddable":true,"href":"https:\/\/kthtx.vn\/index.php\/wp-json\/wp\/v2\/users\/1"}],"replies":[{"embeddable":true,"href":"https:\/\/kthtx.vn\/index.php\/wp-json\/wp\/v2\/comments?post=1913"}],"version-history":[{"count":12,"href":"https:\/\/kthtx.vn\/index.php\/wp-json\/wp\/v2\/pages\/1913\/revisions"}],"predecessor-version":[{"id":2237,"href":"https:\/\/kthtx.vn\/index.php\/wp-json\/wp\/v2\/pages\/1913\/revisions\/2237"}],"up":[{"embeddable":true,"href":"https:\/\/kthtx.vn\/index.php\/wp-json\/wp\/v2\/pages\/42"}],"wp:attachment":[{"href":"https:\/\/kthtx.vn\/index.php\/wp-json\/wp\/v2\/media?parent=1913"}],"curies":[{"name":"wp","href":"https:\/\/api.w.org\/{rel}","templated":true}]}}