{"id":2098,"date":"2025-03-06T08:41:27","date_gmt":"2025-03-06T01:41:27","guid":{"rendered":"http:\/\/kthtx.vn\/?page_id=2098"},"modified":"2026-03-29T10:05:30","modified_gmt":"2026-03-29T03:05:30","slug":"phan-mem-quan-tri-tai-chinh-to-chuc-tai-chinh-vi-mo-lotus-financial","status":"publish","type":"page","link":"https:\/\/kthtx.vn\/index.php\/phan-mem-quan-tri-tai-chinh-to-chuc-tai-chinh-vi-mo-lotus-financial\/","title":{"rendered":"Ph\u1ea7n m\u1ec1m qu\u1ea3n tr\u1ecb t\u00edn d\u1ee5ng vi m\u00f4 Lotus Financial"},"content":{"rendered":"\n<p>Ph\u1ea7n m\u1ec1m qu\u1ea3n tr\u1ecb t\u00e0i ch\u00ednh t\u1ed5 ch\u1ee9c t\u00e0i ch\u00ednh vi m\u00f4 Lotus Financial d\u00e0nh cho c\u00e1c HTX T\u00edn d\u1ee5ng, h\u1ed9i ph\u1ee5 n\u1eef, h\u1ed9i n\u00f4ng d\u00e2n<\/p>\n\n\n\n<figure class=\"wp-block-image size-large\"><img decoding=\"async\" src=\"http:\/\/kthtx.vn\/wp-content\/uploads\/2025\/03\/image-1024x347.png\" alt=\"\" class=\"wp-image-2102\"\/><figcaption class=\"wp-element-caption\">M\u1ed9t s\u1ed1 t\u00ednh n\u0103ng c\u1ee7a ph\u1ea7n m\u1ec1m qu\u1ea3n tr\u1ecb t\u00e0i ch\u00ednh t\u1ed5 ch\u1ee9c t\u00e0i ch\u00ednh vi m\u00f4<\/figcaption><\/figure>\n\n\n\n<p>Ph\u1ea7n m\u1ec1m n\u00e0y h\u1ed7 tr\u1ee3 qu\u1ea3n l\u00fd to\u00e0n di\u1ec7n c\u00e1c ho\u1ea1t \u0111\u1ed9ng c\u1ee7a t\u1ed5 ch\u1ee9c t\u00e0i ch\u00ednh vi m\u00f4, bao g\u1ed3m:<\/p>\n\n\n\n<figure class=\"wp-block-image size-large\"><img loading=\"lazy\" decoding=\"async\" width=\"1024\" height=\"216\" src=\"http:\/\/kthtx.vn\/wp-content\/uploads\/2025\/03\/image-4-1024x216.png\" alt=\"\" class=\"wp-image-2107\" srcset=\"https:\/\/kthtx.vn\/wp-content\/uploads\/2025\/03\/image-4-1024x216.png 1024w, https:\/\/kthtx.vn\/wp-content\/uploads\/2025\/03\/image-4-600x126.png 600w, https:\/\/kthtx.vn\/wp-content\/uploads\/2025\/03\/image-4-300x63.png 300w, https:\/\/kthtx.vn\/wp-content\/uploads\/2025\/03\/image-4-768x162.png 768w, https:\/\/kthtx.vn\/wp-content\/uploads\/2025\/03\/image-4-1536x323.png 1536w, https:\/\/kthtx.vn\/wp-content\/uploads\/2025\/03\/image-4-2048x431.png 2048w, https:\/\/kthtx.vn\/wp-content\/uploads\/2025\/03\/image-4-285x60.png 285w\" sizes=\"auto, (max-width: 1024px) 100vw, 1024px\" \/><figcaption class=\"wp-element-caption\">B\u1ea3ng k\u00ea v\u00e0 danh s\u00e1ch thu ti\u1ec1n, chi ti\u1ec1n trong t\u1ed5 ch\u1ee9c t\u00e0i ch\u00ednh vi m\u00f4<\/figcaption><\/figure>\n\n\n\n<figure class=\"wp-block-image size-large\"><img loading=\"lazy\" decoding=\"async\" width=\"1024\" height=\"357\" src=\"http:\/\/kthtx.vn\/wp-content\/uploads\/2025\/03\/image-3-1024x357.png\" alt=\"\" class=\"wp-image-2106\" srcset=\"https:\/\/kthtx.vn\/wp-content\/uploads\/2025\/03\/image-3-1024x357.png 1024w, https:\/\/kthtx.vn\/wp-content\/uploads\/2025\/03\/image-3-600x209.png 600w, https:\/\/kthtx.vn\/wp-content\/uploads\/2025\/03\/image-3-300x105.png 300w, https:\/\/kthtx.vn\/wp-content\/uploads\/2025\/03\/image-3-768x268.png 768w, https:\/\/kthtx.vn\/wp-content\/uploads\/2025\/03\/image-3-1536x535.png 1536w, https:\/\/kthtx.vn\/wp-content\/uploads\/2025\/03\/image-3-2048x714.png 2048w, https:\/\/kthtx.vn\/wp-content\/uploads\/2025\/03\/image-3-172x60.png 172w\" sizes=\"auto, (max-width: 1024px) 100vw, 1024px\" \/><figcaption class=\"wp-element-caption\">Qu\u1ea3n l\u00fd h\u1ee3p \u0111\u1ed3ng g\u1eedi<\/figcaption><\/figure>\n\n\n\n<ul class=\"wp-block-list\">\n<li>Khai b\u00e1o \u0111a d\u1ea1ng c\u00e1c s\u1ea3n ph\u1ea9m cho vay vi m\u00f4, qu\u1ea3n l\u00fd chu k\u1ef3 vay v\u00e0 ph\u01b0\u01a1ng th\u1ee9c t\u00ednh l\u00e3i.<\/li>\n\n\n\n<li>Qu\u1ea3n l\u00fd th\u00f4ng tin kh\u00e1ch h\u00e0ng, h\u1ed3 s\u01a1 t\u00edn d\u1ee5ng v\u00e0 h\u1ee3p \u0111\u1ed3ng t\u00edn d\u1ee5ng.<\/li>\n\n\n\n<li>Qu\u1ea3n l\u00fd quy tr\u00ecnh th\u1ea9m \u0111\u1ecbnh, x\u00e9t duy\u1ec7t kho\u1ea3n vay, gi\u1ea3i ng\u00e2n v\u00e0 theo d\u00f5i l\u1ecbch s\u1eed tr\u1ea3 n\u1ee3 c\u1ee7a kh\u00e1ch h\u00e0ng.<\/li>\n<\/ul>\n\n\n\n<p>Nh\u1eefng t\u00ednh n\u0103ng n\u00e0y gi\u00fap \u0111\u1ea3m b\u1ea3o ho\u1ea1t \u0111\u1ed9ng nghi\u1ec7p v\u1ee5 t\u1ea1i c\u00e1c t\u1ed5 ch\u1ee9c t\u00e0i ch\u00ednh vi m\u00f4 \u0111\u01b0\u1ee3c th\u1ef1c hi\u1ec7n hi\u1ec7u qu\u1ea3 v\u00e0 ch\u00ednh x\u00e1c. <\/p>\n\n\n\n<figure class=\"wp-block-image size-large\"><img loading=\"lazy\" decoding=\"async\" width=\"1024\" height=\"405\" src=\"http:\/\/kthtx.vn\/wp-content\/uploads\/2025\/03\/image-1-1024x405.png\" alt=\"\" class=\"wp-image-2103\" srcset=\"https:\/\/kthtx.vn\/wp-content\/uploads\/2025\/03\/image-1-1024x405.png 1024w, https:\/\/kthtx.vn\/wp-content\/uploads\/2025\/03\/image-1-600x237.png 600w, https:\/\/kthtx.vn\/wp-content\/uploads\/2025\/03\/image-1-300x119.png 300w, https:\/\/kthtx.vn\/wp-content\/uploads\/2025\/03\/image-1-768x304.png 768w, https:\/\/kthtx.vn\/wp-content\/uploads\/2025\/03\/image-1-1536x608.png 1536w, https:\/\/kthtx.vn\/wp-content\/uploads\/2025\/03\/image-1-2048x810.png 2048w, https:\/\/kthtx.vn\/wp-content\/uploads\/2025\/03\/image-1-152x60.png 152w\" sizes=\"auto, (max-width: 1024px) 100vw, 1024px\" \/><figcaption class=\"wp-element-caption\">Qu\u1ea3n l\u00fd kh\u00e1ch h\u00e0ng vay ti\u1ec1n<\/figcaption><\/figure>\n\n\n\n<ul class=\"wp-block-list\">\n<li>Qu\u1ea3n tr\u1ecb ng\u01b0\u1eddi s\u1eed d\u1ee5ng v\u00e0 t\u00e0i nguy\u00ean.<\/li>\n\n\n\n<li>Qu\u1ea3n tr\u1ecb h\u1ea1n m\u1ee9c, l\u00e3i su\u1ea5t, kh\u00e1ch h\u00e0ng v\u00e0 th\u00e0nh vi\u00ean.<\/li>\n\n\n\n<li>Ho\u1ea1t \u0111\u1ed9ng k\u1ebf to\u00e1n, ki\u1ec3m so\u00e1t, t\u00edn d\u1ee5ng vi m\u00f4 v\u00e0 ti\u1ebft ki\u1ec7m.<\/li>\n<\/ul>\n\n\n\n<p>Ph\u1ea7n m\u1ec1m n\u00e0y gi\u00fap c\u00e1c t\u1ed5 ch\u1ee9c t\u00e0i ch\u00ednh vi m\u00f4 qu\u1ea3n l\u00fd hi\u1ec7u qu\u1ea3 c\u00e1c ho\u1ea1t \u0111\u1ed9ng nghi\u1ec7p v\u1ee5 v\u00e0 t\u00e0i ch\u00ednh.  <\/p>\n\n\n\n<figure class=\"wp-block-image size-large\"><img loading=\"lazy\" decoding=\"async\" width=\"1024\" height=\"471\" src=\"http:\/\/kthtx.vn\/wp-content\/uploads\/2025\/03\/image-2-1024x471.png\" alt=\"\" class=\"wp-image-2104\" srcset=\"https:\/\/kthtx.vn\/wp-content\/uploads\/2025\/03\/image-2-1024x471.png 1024w, https:\/\/kthtx.vn\/wp-content\/uploads\/2025\/03\/image-2-600x276.png 600w, https:\/\/kthtx.vn\/wp-content\/uploads\/2025\/03\/image-2-300x138.png 300w, https:\/\/kthtx.vn\/wp-content\/uploads\/2025\/03\/image-2-768x353.png 768w, https:\/\/kthtx.vn\/wp-content\/uploads\/2025\/03\/image-2-1536x707.png 1536w, https:\/\/kthtx.vn\/wp-content\/uploads\/2025\/03\/image-2-130x60.png 130w, https:\/\/kthtx.vn\/wp-content\/uploads\/2025\/03\/image-2.png 1608w\" sizes=\"auto, (max-width: 1024px) 100vw, 1024px\" \/><figcaption class=\"wp-element-caption\">B\u00e1o c\u00e1o t\u00ecnh h\u00ecnh t\u00e0i ch\u00ednh v\u00e0 t\u00edn d\u1ee5ng c\u00e1c kho\u1ea3n vay c\u1ee7a h\u1ed9 gia \u0111\u00ecnh v\u00e0 c\u00e1 nh\u00e2n<\/figcaption><\/figure>\n\n\n\n<p><strong>L\u1ee3i \u00edch khi \u00e1p d\u1ee5ng ph\u1ea7n m\u1ec1m qu\u1ea3n tr\u1ecb t\u00e0i ch\u00ednh vi m\u00f4<\/strong>:<\/p>\n\n\n\n<ul class=\"wp-block-list\">\n<li><strong>T\u0103ng c\u01b0\u1eddng hi\u1ec7u qu\u1ea3 v\u1eadn h\u00e0nh<\/strong>: Ph\u1ea7n m\u1ec1m gi\u00fap t\u1ef1 \u0111\u1ed9ng h\u00f3a v\u00e0 tinh g\u1ecdn c\u00e1c quy tr\u00ecnh t\u00e0i ch\u00ednh, t\u1eeb h\u1ea1ch to\u00e1n \u0111\u1ebfn qu\u1ea3n l\u00fd ng\u00e2n s\u00e1ch v\u00e0 t\u1ea1o b\u00e1o c\u00e1o, gi\u1ea3m thi\u1ec3u th\u1eddi gian v\u00e0 c\u00f4ng s\u1ee9c cho nh\u00e2n vi\u00ean, \u0111\u1ed3ng th\u1eddi t\u0103ng c\u01b0\u1eddng \u0111\u1ed9 ch\u00ednh x\u00e1c v\u00e0 hi\u1ec7u qu\u1ea3 c\u00f4ng vi\u1ec7c.  <\/li>\n\n\n\n<li><strong>Minh b\u1ea1ch h\u00f3a th\u00f4ng tin t\u00e0i s\u1ea3n c\u00f4ng<\/strong>: S\u1eed d\u1ee5ng ph\u1ea7n m\u1ec1m qu\u1ea3n l\u00fd t\u00e0i s\u1ea3n c\u00f4ng gi\u00fap minh b\u1ea1ch h\u00f3a th\u00f4ng tin t\u00e0i s\u1ea3n, gi\u1ea3m thi\u1ec3u sai s\u00f3t v\u00e0 t\u0103ng c\u01b0\u1eddng kh\u1ea3 n\u0103ng gi\u00e1m s\u00e1t.  <\/li>\n\n\n\n<li><strong>T\u1ef1 \u0111\u1ed9ng h\u00f3a quy tr\u00ecnh t\u00e0i ch\u00ednh<\/strong>: Ph\u1ea7n m\u1ec1m gi\u00fap t\u1ef1 \u0111\u1ed9ng h\u00f3a c\u00e1c c\u00f4ng vi\u1ec7c nh\u01b0 l\u1eadp k\u1ebf ho\u1ea1ch ng\u00e2n s\u00e1ch, theo d\u00f5i chi ph\u00ed, l\u1eadp b\u00e1o c\u00e1o v\u00e0 ki\u1ec3m so\u00e1t c\u00f4ng n\u1ee3, gi\u1ea3m thi\u1ec3u sai s\u00f3t do nh\u1eadp li\u1ec7u th\u1ee7 c\u00f4ng v\u00e0 ti\u1ebft ki\u1ec7m th\u1eddi gian x\u1eed l\u00fd.<\/li>\n<\/ul>\n\n\n\n<p>Vi\u1ec7c \u00e1p d\u1ee5ng c\u00e1c gi\u1ea3i ph\u00e1p ph\u1ea7n m\u1ec1m qu\u1ea3n tr\u1ecb t\u00e0i ch\u00ednh vi m\u00f4 gi\u00fap c\u00e1c t\u1ed5 ch\u1ee9c t\u00e0i ch\u00ednh vi m\u00f4 n\u00e2ng cao hi\u1ec7u qu\u1ea3 qu\u1ea3n l\u00fd, \u0111\u1ea3m b\u1ea3o t\u00ednh ch\u00ednh x\u00e1c, minh b\u1ea1ch v\u00e0 ti\u1ebft ki\u1ec7m th\u1eddi gian trong c\u00e1c ho\u1ea1t \u0111\u1ed9ng nghi\u1ec7p v\u1ee5.<\/p>\n\n\n\n<p>C\u1ea7n t\u01b0 v\u1ea5n v\u1ec1 nghi\u1ec7p v\u1ee5 qu\u00fd kh\u00e1ch g\u1ecdi theo s\u1ed1 0989228108<\/p>\n\n\n\n<p><\/p>\n","protected":false},"excerpt":{"rendered":"<p>Ph\u1ea7n m\u1ec1m qu\u1ea3n tr\u1ecb t\u00e0i ch\u00ednh t\u1ed5 ch\u1ee9c t\u00e0i ch\u00ednh vi m\u00f4 Lotus Financial d\u00e0nh cho c\u00e1c HTX T\u00edn d\u1ee5ng, h\u1ed9i ph\u1ee5 n\u1eef, h\u1ed9i n\u00f4ng d\u00e2n Ph\u1ea7n m\u1ec1m n\u00e0y h\u1ed7 tr\u1ee3 qu\u1ea3n l\u00fd to\u00e0n di\u1ec7n c\u00e1c ho\u1ea1t \u0111\u1ed9ng c\u1ee7a t\u1ed5 ch\u1ee9c t\u00e0i ch\u00ednh vi m\u00f4, bao g\u1ed3m: Nh\u1eefng t\u00ednh n\u0103ng n\u00e0y gi\u00fap \u0111\u1ea3m b\u1ea3o ho\u1ea1t &hellip; <\/p>\n","protected":false},"author":1,"featured_media":2041,"parent":0,"menu_order":0,"comment_status":"closed","ping_status":"closed","template":"","meta":{"_mi_skip_tracking":false,"_monsterinsights_sitenote_active":false,"_monsterinsights_sitenote_note":"","_monsterinsights_sitenote_category":0,"footnotes":""},"class_list":["post-2098","page","type-page","status-publish","has-post-thumbnail","hentry","grid-sizer"],"_links":{"self":[{"href":"https:\/\/kthtx.vn\/index.php\/wp-json\/wp\/v2\/pages\/2098","targetHints":{"allow":["GET"]}}],"collection":[{"href":"https:\/\/kthtx.vn\/index.php\/wp-json\/wp\/v2\/pages"}],"about":[{"href":"https:\/\/kthtx.vn\/index.php\/wp-json\/wp\/v2\/types\/page"}],"author":[{"embeddable":true,"href":"https:\/\/kthtx.vn\/index.php\/wp-json\/wp\/v2\/users\/1"}],"replies":[{"embeddable":true,"href":"https:\/\/kthtx.vn\/index.php\/wp-json\/wp\/v2\/comments?post=2098"}],"version-history":[{"count":6,"href":"https:\/\/kthtx.vn\/index.php\/wp-json\/wp\/v2\/pages\/2098\/revisions"}],"predecessor-version":[{"id":2618,"href":"https:\/\/kthtx.vn\/index.php\/wp-json\/wp\/v2\/pages\/2098\/revisions\/2618"}],"wp:featuredmedia":[{"embeddable":true,"href":"https:\/\/kthtx.vn\/index.php\/wp-json\/wp\/v2\/media\/2041"}],"wp:attachment":[{"href":"https:\/\/kthtx.vn\/index.php\/wp-json\/wp\/v2\/media?parent=2098"}],"curies":[{"name":"wp","href":"https:\/\/api.w.org\/{rel}","templated":true}]}}