{"id":2185,"date":"2025-08-01T10:45:42","date_gmt":"2025-08-01T03:45:42","guid":{"rendered":"http:\/\/kthtx.vn\/?page_id=2185"},"modified":"2025-08-01T10:46:19","modified_gmt":"2025-08-01T03:46:19","slug":"noi-dung-mon-hoc-thuong-mai-dien","status":"publish","type":"page","link":"https:\/\/kthtx.vn\/index.php\/noi-dung-mon-hoc-thuong-mai-dien\/","title":{"rendered":"N\u00f4i dung m\u00f4n h\u1ecdc Th\u01b0\u01a1ng M\u1ea1i \u0110i\u1ec7n T\u1eed"},"content":{"rendered":"\n<figure class=\"wp-block-table is-style-regular\"><table><tbody><tr><td><strong>C1 Ch\u01b0\u01a1ng 1: T\u1ed5ng quan v\u1ec1 th\u01b0\u01a1ng m\u1ea1i \u0111i\u1ec7n t\u1eed<\/strong><\/td><\/tr><tr><td>1.1. M\u1ed9t s\u1ed1 kh\u00e1i ni\u1ec7m c\u01a1 b\u1ea3n v\u1ec1 th\u01b0\u01a1ng m\u1ea1i \u0111i\u1ec7n t\u1eed<\/td><\/tr><tr><td>1.2. L\u1ee3i \u00edch c\u1ee7a th\u01b0\u01a1ng m\u1ea1i \u0111i\u1ec7n t\u1eed<\/td><\/tr><tr><td>1.3. Nh\u1eefng l\u0129nh v\u1ef1c \u1ee9ng d\u1ee5ng c\u1ee7a th\u01b0\u01a1ng m\u1ea1i \u0111i\u1ec7n t\u1eed<\/td><\/tr><tr><td>1.4. M\u1ed9t s\u1ed1 v\u1ea5n \u0111\u1ec1 ph\u00e1p l\u00fd trong th\u01b0\u01a1ng m\u1ea1i \u0111i\u1ec7n t\u1eed<\/td><\/tr><tr><td><strong>C2 Ch\u01b0\u01a1ng 2: C\u01a1 s\u1edf c\u00f4ng ngh\u1ec7 c\u1ee7a th\u01b0\u01a1ng m\u1ea1i \u0111i\u1ec7n t\u1eed<\/strong><\/td><\/tr><tr><td>2.1 Th\u1ecb th\u01b0\u1eddng th\u01b0\u01a1ng m\u1ea1i \u0111i\u1ec7n t\u1eed<\/td><\/tr><tr><td>2.2. Trao \u0111\u1ed5i d\u1eef li\u1ec7u \u0111i\u1ec7n t\u1eed<\/td><\/tr><tr><td>2.3. Thanh to\u00e1n tr\u00f3n th\u01b0\u01a1ng m\u1ea1i \u0111i\u1ec7n t\u1eed<\/td><\/tr><tr><td><strong>C3 Ch\u01b0\u01a1ng 3: V\u1ea5n \u0111\u1ec1 an ninh, b\u1ea3o m\u1eadt trong th\u01b0\u01a1ng m\u1ea1i Internet<\/strong><\/td><\/tr><tr><td>3.1. An ninh trong th\u01b0\u01a1ng m\u1ea1i \u0111i\u1ec7n t\u1eed<\/td><\/tr><tr><td>3.2. K\u1ef9 thu\u1eadt m\u00e3 h\u00f3a th\u00f4ng tin<\/td><\/tr><tr><td>3.3. An to\u00e0n trong th\u01b0\u01a1ng m\u1ea1i \u0111i\u1ec7n t\u1eed<\/td><\/tr><tr><td><strong>C4 Ch\u01b0\u01a1ng 4: C\u00e1c m\u00f4 h\u00ecnh giao d\u1ecbch \u0111i\u1ec7n t\u1eed\u00a0<\/strong><\/td><\/tr><tr><td>4.1. M\u00f4 h\u00ecnh giao d\u1ecbch \u0111i\u1ec7n t\u1eeb B2C<\/td><\/tr><tr><td>4.2. M\u00f4 h\u00ecnh giao d\u1ecbch \u0111i\u1ec7n t\u1eed B2BB\u00e0i ki\u1ec3m tra th\u01b0\u1eddng xuy\u00ean<\/td><\/tr><tr><td><strong>C5 Ch\u01b0\u01a1ng 5: Qu\u1ea3n tr\u1ecb chi\u1ebfn l\u01b0\u1ee3c th\u01b0\u01a1ng m\u1ea1i \u0111i\u1ec7n&nbsp;<\/strong><\/td><\/tr><tr><td>5.1. Kh\u00e1i ni\u1ec7m v\u1ec1 qu\u1ea3n tr\u1ecb chi\u1ebfn l\u01b0\u1ee3c th\u01b0\u01a1ng m\u1ea1i \u0111i\u1ec7n t\u1eed<\/td><\/tr><tr><td>5.2. M\u1ed9t s\u1ed1 chi\u1ebfn l\u01b0\u1ee3c th\u01b0\u01a1ng m\u1ea1i \u0111i\u1ec7n t\u1eed<\/td><\/tr><tr><td>5.3. Quy tr\u00ecnh qu\u1ea3n tr\u1ecb chi\u1ebfn l\u01b0\u1ee3c th\u01b0\u01a1ng m\u1ea1i \u0111i\u1ec7n t\u1eedB\u00e0i ki\u1ec3m tra \u0111\u1ecbnh k\u1ef3<\/td><\/tr><\/tbody><\/table><\/figure>\n","protected":false},"excerpt":{"rendered":"<p>C1 Ch\u01b0\u01a1ng 1: T\u1ed5ng quan v\u1ec1 th\u01b0\u01a1ng m\u1ea1i \u0111i\u1ec7n t\u1eed 1.1. M\u1ed9t s\u1ed1 kh\u00e1i ni\u1ec7m c\u01a1 b\u1ea3n v\u1ec1 th\u01b0\u01a1ng m\u1ea1i \u0111i\u1ec7n t\u1eed 1.2. L\u1ee3i \u00edch c\u1ee7a th\u01b0\u01a1ng m\u1ea1i \u0111i\u1ec7n t\u1eed 1.3. Nh\u1eefng l\u0129nh v\u1ef1c \u1ee9ng d\u1ee5ng c\u1ee7a th\u01b0\u01a1ng m\u1ea1i \u0111i\u1ec7n t\u1eed 1.4. M\u1ed9t s\u1ed1 v\u1ea5n \u0111\u1ec1 ph\u00e1p l\u00fd trong th\u01b0\u01a1ng m\u1ea1i \u0111i\u1ec7n t\u1eed C2 Ch\u01b0\u01a1ng &hellip; <\/p>\n","protected":false},"author":1,"featured_media":1657,"parent":0,"menu_order":0,"comment_status":"closed","ping_status":"closed","template":"","meta":{"_mi_skip_tracking":false,"_monsterinsights_sitenote_active":false,"_monsterinsights_sitenote_note":"","_monsterinsights_sitenote_category":0,"footnotes":""},"class_list":["post-2185","page","type-page","status-publish","has-post-thumbnail","hentry","grid-sizer"],"_links":{"self":[{"href":"https:\/\/kthtx.vn\/index.php\/wp-json\/wp\/v2\/pages\/2185","targetHints":{"allow":["GET"]}}],"collection":[{"href":"https:\/\/kthtx.vn\/index.php\/wp-json\/wp\/v2\/pages"}],"about":[{"href":"https:\/\/kthtx.vn\/index.php\/wp-json\/wp\/v2\/types\/page"}],"author":[{"embeddable":true,"href":"https:\/\/kthtx.vn\/index.php\/wp-json\/wp\/v2\/users\/1"}],"replies":[{"embeddable":true,"href":"https:\/\/kthtx.vn\/index.php\/wp-json\/wp\/v2\/comments?post=2185"}],"version-history":[{"count":4,"href":"https:\/\/kthtx.vn\/index.php\/wp-json\/wp\/v2\/pages\/2185\/revisions"}],"predecessor-version":[{"id":2192,"href":"https:\/\/kthtx.vn\/index.php\/wp-json\/wp\/v2\/pages\/2185\/revisions\/2192"}],"wp:featuredmedia":[{"embeddable":true,"href":"https:\/\/kthtx.vn\/index.php\/wp-json\/wp\/v2\/media\/1657"}],"wp:attachment":[{"href":"https:\/\/kthtx.vn\/index.php\/wp-json\/wp\/v2\/media?parent=2185"}],"curies":[{"name":"wp","href":"https:\/\/api.w.org\/{rel}","templated":true}]}}