{"id":2220,"date":"2025-10-02T06:26:01","date_gmt":"2025-10-01T23:26:01","guid":{"rendered":"http:\/\/kthtx.vn\/?page_id=2220"},"modified":"2025-10-02T06:26:01","modified_gmt":"2025-10-01T23:26:01","slug":"chinh-sach-quyen-rieng-tu-ung-dung-student-finance","status":"publish","type":"page","link":"https:\/\/kthtx.vn\/index.php\/chinh-sach-quyen-rieng-tu-ung-dung-student-finance\/","title":{"rendered":"Ch\u00ednh s\u00e1ch quy\u1ec1n ri\u00eang t\u01b0 \u1ee9ng d\u1ee5ng Student Finance"},"content":{"rendered":"\n<p><strong>\u0110i\u1ec1u 1. Gi\u1edbi thi\u1ec7u v\u1ec1 \u1ee9ng d\u1ee5ng <\/strong>Student Finance<\/p>\n\n\n\n<p>\u1ee8ng d\u1ee5ng Student Finance l\u00e0 \u1ee9ng d\u1ee5ng do Nguy\u1ec5n Tr\u1ecdng \u0110\u00f4ng ph\u00e1t tri\u1ec3n tr\u00ean n\u1ec1n t\u1ea3ng \u1ee9ng d\u1ee5ng mobile. \u1ee8ng d\u1ee5ng gi\u00fap sinh vi\u00ean, c\u00e1 nh\u00e2n, gia \u0111\u00ecnh qu\u1ea3n l\u00fd thu chi h\u00e0ng ng\u00e0y. <strong>\u1ee8ng d\u1ee5ng Qu\u1ea3n l\u00fd T\u00e0i ch\u00ednh Sinh vi\u00ean<\/strong>\u00a0s\u1ebd l\u00e0 tr\u1ee3 th\u1ee7 \u0111\u1ed3ng h\u00e0nh gi\u00fap b\u1ea1n h\u00ecnh th\u00e0nh th\u00f3i quen t\u00e0i ch\u00ednh th\u00f4ng minh.<\/p>\n\n\n\n<h4 class=\"wp-block-heading\">\ud83d\udd11 T\u00ednh n\u0103ng n\u1ed5i b\u1eadt:<\/h4>\n\n\n\n<ul class=\"wp-block-list\"><li><strong>Dashboard tr\u1ef1c quan<\/strong><br>Hi\u1ec3n th\u1ecb s\u1ed1 d\u01b0 hi\u1ec7n t\u1ea1i, t\u1ed5ng thu v\u00e0 t\u1ed5ng chi theo tu\u1ea7n\/th\u00e1ng. Gi\u00fap b\u1ea1n n\u1eafm b\u1eaft nhanh t\u00ecnh h\u00ecnh t\u00e0i ch\u00ednh c\u00e1 nh\u00e2n.<\/li><li><strong>Th\u00eam giao d\u1ecbch d\u1ec5 d\u00e0ng<\/strong><br>Ghi nh\u1eadn thu ho\u1eb7c chi ch\u1ec9 trong v\u00e0i gi\u00e2y v\u1edbi \u0111\u1ea7y \u0111\u1ee7 th\u00f4ng tin: lo\u1ea1i giao d\u1ecbch, s\u1ed1 ti\u1ec1n, danh m\u1ee5c (\u0103n u\u1ed1ng, h\u1ecdc t\u1eadp, l\u01b0\u01a1ng, gi\u1ea3i tr\u00ed\u2026), ng\u00e0y th\u00e1ng v\u00e0 ghi ch\u00fa.<\/li><li><strong>Danh s\u00e1ch giao d\u1ecbch chi ti\u1ebft<\/strong><br>Xem l\u1ea1i l\u1ecbch s\u1eed thu chi theo ng\u00e0y, c\u00f3 th\u1ec3 s\u1eeda ho\u1eb7c xo\u00e1 khi c\u1ea7n, gi\u00fap d\u1eef li\u1ec7u lu\u00f4n ch\u00ednh x\u00e1c.<\/li><li><strong>B\u00e1o c\u00e1o v\u00e0 th\u1ed1ng k\u00ea sinh \u0111\u1ed9ng<\/strong><br>Bi\u1ec3u \u0111\u1ed3 c\u1ed9t hi\u1ec3n th\u1ecb d\u00f2ng ti\u1ec1n theo th\u00e1ng\/tu\u1ea7n.<br>Bi\u1ec3u \u0111\u1ed3 tr\u00f2n cho th\u1ea5y t\u1ef7 tr\u1ecdng t\u1eebng danh m\u1ee5c, gi\u00fap b\u1ea1n nh\u1eadn di\u1ec7n th\u00f3i quen chi ti\u00eau.<\/li><li><strong>T\u00f9y ch\u1ec9nh gi\u1edbi h\u1ea1n chi ti\u00eau<\/strong><br>\u0110\u1eb7t m\u1ee5c ti\u00eau ho\u1eb7c gi\u1edbi h\u1ea1n chi trong th\u00e1ng \u0111\u1ec3 ki\u1ec3m so\u00e1t ng\u00e2n s\u00e1ch hi\u1ec7u qu\u1ea3.<\/li><\/ul>\n\n\n\n<h4 class=\"wp-block-heading\">\ud83c\udfaf L\u1ee3i \u00edch d\u00e0nh cho b\u1ea1n:<\/h4>\n\n\n\n<ul class=\"wp-block-list\"><li>Qu\u1ea3n l\u00fd thu chi \u0111\u01a1n gi\u1ea3n, r\u00f5 r\u00e0ng.<\/li><li>N\u00e2ng cao \u00fd th\u1ee9c ti\u1ebft ki\u1ec7m, tr\u00e1nh chi ti\u00eau qu\u00e1 m\u1ee9c.<\/li><li>T\u1ea1o th\u00f3i quen t\u00e0i ch\u00ednh l\u00e0nh m\u1ea1nh ngay t\u1eeb khi c\u00f2n l\u00e0 sinh vi\u00ean.<\/li><\/ul>\n\n\n\n<p><strong>\u0110i\u1ec1u 2. C\u1eadp nh\u1eadt<\/strong><\/p>\n\n\n\n<p>\u0110i\u1ec1u kho\u1ea3n n\u00e0y c\u00f3 th\u1ec3 \u0111\u01b0\u1ee3c c\u1eadp nh\u1eadt th\u01b0\u1eddng xuy\u00ean b\u1edfi C\u01a1 quan ph\u00e1t tri\u1ec3n \u1ee9ng d\u1ee5ng. Phi\u00ean b\u1ea3n c\u1eadp nh\u1eadt s\u1ebd thay th\u1ebf cho c\u00e1c quy \u0111\u1ecbnh v\u00e0 \u0111i\u1ec1u kho\u1ea3n trong th\u1ecfa thu\u1eadn ban \u0111\u1ea7u.<\/p>\n\n\n\n<p><strong>\u0110i\u1ec1u 3. Quy\u1ec1n truy c\u1eadp<\/strong><\/p>\n\n\n\n<p>Khi s\u1eed d\u1ee5ng \u1ee8ng d\u1ee5ng, Ng\u01b0\u1eddi d\u00f9ng \u0111\u1ed3ng \u00fd cho ph\u00e9p \u1ee9ng d\u1ee5ng c\u00f3 quy\u1ec1n truy c\u1eadp c\u00e1c ch\u1ee9c n\u0103ng sau:<\/p>\n\n\n\n<p>(1) Truy c\u1eadp v\u00e0o Internet t\u1eeb thi\u1ebft b\u1ecb ng\u01b0\u1eddi d\u00f9ng<\/p>\n\n\n\n<p>(2) G\u1eedi v\u00e0 nh\u1eadn th\u00f4ng b\u00e1o t\u1edbi thi\u1ebft b\u1ecb c\u1ee7a ng\u01b0\u1eddi d\u00f9ng<\/p>\n\n\n\n<p>(3) B\u1eadt camera \u0111\u1ec3 qu\u00e9t ch\u1ee9ng t\u1eeb thu, chi, ho\u00e1 \u0111\u01a1n, bi\u00ean l\u1ea1i \u0111\u1ec3 nh\u1eadp giao d\u1ecbch<\/p>\n\n\n\n<p>(4) Truy c\u1eadp \u1ea3nh ch\u1ee5p v\u1edbi m\u1ee5c \u0111\u00edch l\u1ea5y ho\u00e1 \u0111\u01a1n ch\u1ee9ng t\u1eeb \u0111\u01b0a v\u00e0o giao d\u1ecbch<\/p>\n\n\n\n<p><strong>\u0110i\u1ec1u 4. Thu th\u1eadp th\u00f4ng tin c\u00e1 nh\u00e2n<\/strong><\/p>\n\n\n\n<p>\u1ee8ng d\u1ee5ng kh\u00f4ng thu th\u1eadp th\u00f4ng tin c\u00e1 nh\u00e2n c\u1ee7a ng\u01b0\u1eddi d\u00f9ng, ng\u01b0\u1eddi d\u00f9ng kh\u00f4ng c\u1ea7n \u0111\u0103ng nh\u1eadp v\u00e0o \u1ee9ng d\u1ee5ng \u0111\u1ec3 s\u1eed d\u1ee5ng . Kh\u00f4ng c\u1ea7n t\u1ea1o t\u00e0i kho\u1ea3n s\u1eed d\u1ee5ng. \u1ee8ng d\u1ee5ng kh\u00f4ng c\u00f3 t\u00ednh n\u0103ng \u0111\u0103ng k\u00fd t\u00e0i kho\u1ea3n. <\/p>\n\n\n\n<p><strong>\u0110i\u1ec1u 5. B\u1ea3o v\u1ec7 s\u1ef1 ri\u00eang t\u01b0 v\u00e0 b\u1ea3n quy\u1ec1n<\/strong><\/p>\n\n\n\n<p>D\u1eef li\u1ec7u c\u1ee7a ng\u01b0\u1eddi d\u00f9ng s\u1ebd \u0111\u01b0\u1ee3c l\u01b0u tr\u1eef tr\u00ean \u0111i\u1ec7n tho\u1ea1i c\u1ee7a ng\u01b0\u1eddi d\u00f9ng. Trong \u1ee9ng d\u1ee5ng kh\u00f4ng c\u00f3 t\u00ednh n\u0103ng chia s\u1ebb giao d\u1ecbch, h\u00ecnh \u1ea3nh, \u00e2m thanh, hay b\u1ea5t c\u1ee9 th\u00f4ng tin g\u00ec kh\u00e1c v\u1ec1 s\u1ed1 li\u1ec7u c\u1ee7a ng\u01b0\u1eddi d\u00f9ng<\/p>\n\n\n\n<p><strong>\u0110i\u1ec1u 6. Quy\u1ec1n, tr\u00e1ch nhi\u1ec7m c\u1ee7a ng\u01b0\u1eddi d\u00f9ng<\/strong><\/p>\n\n\n\n<p>Tu\u00e2n th\u1ee7 c\u00e1c quy \u0111\u1ecbnh v\u1ec1 b\u1ea3o \u0111\u1ea3m an to\u00e0n th\u00f4ng tin, an ninh th\u00f4ng tin. Ng\u01b0\u1eddi d\u00f9ng \u0111\u1ea3m b\u1ea3o b\u1ea3o m\u1eb7t th\u00f4ng tin giao d\u1ecbch, s\u1ed1 li\u1ec7u tr\u00ean  \u1ee9ng d\u1ee5ng. Khi c\u00f3 d\u1ea5u hi\u1ec7u x\u00e2m h\u1ea1i xin ph\u1ea3n h\u1ed3i \u0111\u1ec3 ch\u00fang t\u00f4i c\u00f3 bi\u1ec7n ph\u00e1p x\u1eed l\u00fd k\u1ecbp th\u1eddi<\/p>\n\n\n\n<p>Th\u1ef1c hi\u1ec7n quy\u1ec1n v\u00e0 tr\u00e1ch nhi\u1ec7m kh\u00e1c theo quy \u0111\u1ecbnh ph\u00e1p lu\u1eadt.<\/p>\n","protected":false},"excerpt":{"rendered":"<p>\u0110i\u1ec1u 1. Gi\u1edbi thi\u1ec7u v\u1ec1 \u1ee9ng d\u1ee5ng Student Finance \u1ee8ng d\u1ee5ng Student Finance l\u00e0 \u1ee9ng d\u1ee5ng do Nguy\u1ec5n Tr\u1ecdng \u0110\u00f4ng ph\u00e1t tri\u1ec3n tr\u00ean n\u1ec1n t\u1ea3ng \u1ee9ng d\u1ee5ng mobile. \u1ee8ng d\u1ee5ng gi\u00fap sinh vi\u00ean, c\u00e1 nh\u00e2n, gia \u0111\u00ecnh qu\u1ea3n l\u00fd thu chi h\u00e0ng ng\u00e0y. \u1ee8ng d\u1ee5ng Qu\u1ea3n l\u00fd T\u00e0i ch\u00ednh Sinh vi\u00ean\u00a0s\u1ebd l\u00e0 tr\u1ee3 th\u1ee7 \u0111\u1ed3ng &hellip; <\/p>\n","protected":false},"author":1,"featured_media":0,"parent":0,"menu_order":0,"comment_status":"closed","ping_status":"closed","template":"","meta":{"_mi_skip_tracking":false,"_monsterinsights_sitenote_active":false,"_monsterinsights_sitenote_note":"","_monsterinsights_sitenote_category":0,"footnotes":""},"class_list":["post-2220","page","type-page","status-publish","hentry","grid-sizer"],"_links":{"self":[{"href":"https:\/\/kthtx.vn\/index.php\/wp-json\/wp\/v2\/pages\/2220","targetHints":{"allow":["GET"]}}],"collection":[{"href":"https:\/\/kthtx.vn\/index.php\/wp-json\/wp\/v2\/pages"}],"about":[{"href":"https:\/\/kthtx.vn\/index.php\/wp-json\/wp\/v2\/types\/page"}],"author":[{"embeddable":true,"href":"https:\/\/kthtx.vn\/index.php\/wp-json\/wp\/v2\/users\/1"}],"replies":[{"embeddable":true,"href":"https:\/\/kthtx.vn\/index.php\/wp-json\/wp\/v2\/comments?post=2220"}],"version-history":[{"count":1,"href":"https:\/\/kthtx.vn\/index.php\/wp-json\/wp\/v2\/pages\/2220\/revisions"}],"predecessor-version":[{"id":2223,"href":"https:\/\/kthtx.vn\/index.php\/wp-json\/wp\/v2\/pages\/2220\/revisions\/2223"}],"wp:attachment":[{"href":"https:\/\/kthtx.vn\/index.php\/wp-json\/wp\/v2\/media?parent=2220"}],"curies":[{"name":"wp","href":"https:\/\/api.w.org\/{rel}","templated":true}]}}