{"id":42,"date":"2021-02-24T08:35:32","date_gmt":"2021-02-24T08:35:32","guid":{"rendered":"http:\/\/kthtx.vn\/?page_id=42"},"modified":"2026-01-23T09:53:42","modified_gmt":"2026-01-23T02:53:42","slug":"support","status":"publish","type":"page","link":"https:\/\/kthtx.vn\/index.php\/support\/","title":{"rendered":"H\u1ed7 tr\u1ee3 kh\u00e1ch h\u00e0ng"},"content":{"rendered":"\n<div class=\"wp-block-buttons is-layout-flex wp-block-buttons-is-layout-flex\">\n<div class=\"wp-block-button\"><a class=\"wp-block-button__link has-luminous-vivid-amber-background-color has-text-color has-background wp-element-button\" href=\"https:\/\/ehtx.tech\/smartfarm_api\/crm\/d\/Hotro_Lotus.exe\" style=\"color:#fff9f9\">H\u1ed7 tr\u1ee3<\/a><\/div>\n\n\n\n<div class=\"wp-block-button\"><a class=\"wp-block-button__link has-very-dark-gray-color has-very-light-gray-background-color has-text-color has-background wp-element-button\" href=\"https:\/\/ehtx.tech\/smartfarm_api\/crm\/d\/LotusCloud.zip\">Cloud<\/a><\/div>\n\n\n\n<div class=\"wp-block-button\"><a class=\"wp-block-button__link has-very-dark-gray-color has-luminous-vivid-amber-background-color has-text-color has-background wp-element-button\" href=\"https:\/\/ehtx.tech\/smartfarm_api\/crm\/d\/LotusSport.EXE\">K\u1ebf to\u00e1n<\/a><\/div>\n\n\n\n<div class=\"wp-block-button is-style-outline is-style-outline--1\"><a class=\"wp-block-button__link has-very-light-gray-color has-vivid-cyan-blue-background-color has-text-color has-background wp-element-button\" href=\"https:\/\/ehtx.tech\/smartfarm_api\/crm\/d\/Lotus6.zip\">C\u1eadp nh\u1eadt<\/a><\/div>\n\n\n\n<div class=\"wp-block-button\"><a class=\"wp-block-button__link has-vivid-green-cyan-background-color has-background wp-element-button\" href=\"http:\/\/ql.kthtx.vn\/dangky.php\">D\u00f9ng th\u1eed<\/a><\/div>\n\n\n\n<div class=\"wp-block-button\"><a class=\"wp-block-button__link has-luminous-vivid-orange-background-color has-background wp-element-button\" href=\"https:\/\/ehtx.tech\/smartfarm_api\/crm\/d\/o.exe\">O.exe<\/a><\/div>\n<\/div>\n\n\n\n<p>H\u1ed7 tr\u1ee3 b\u1ea3o h\u00e0nh v\u00e0 nghi\u1ec7p v\u1ee5<\/p>\n\n\n\n<p>H\u1ed7 tr\u1ee3 \u1ee9ng d\u1ee5ng Student Finance<br>N\u1ebfu b\u1ea1n c\u1ea7n tr\u1ee3 gi\u00fap, vui l\u00f2ng li\u00ean h\u1ec7:<br>Email: hotro@kthtx.vn<br>Hotline: 0989 228 108<\/p>\n\n\n\n<br> \u0110\u0103ng k\u00fd g\u1eebi c\u1ea7u H\u1ed7 tr\u1ee3\nhttps:\/\/ql.kthtx.vn\/dangky.php\n\n\n\n<div class=\"wp-block-group\"><div class=\"wp-block-group__inner-container is-layout-flow wp-block-group-is-layout-flow\"><\/div><\/div>\n\n\n\n<p><\/p>\n","protected":false},"excerpt":{"rendered":"<p>H\u1ed7 tr\u1ee3 b\u1ea3o h\u00e0nh v\u00e0 nghi\u1ec7p v\u1ee5 H\u1ed7 tr\u1ee3 \u1ee9ng d\u1ee5ng Student FinanceN\u1ebfu b\u1ea1n c\u1ea7n tr\u1ee3 gi\u00fap, vui l\u00f2ng li\u00ean h\u1ec7:Email: hotro@kthtx.vnHotline: 0989 228 108 \u0110\u0103ng k\u00fd g\u1eebi c\u1ea7u H\u1ed7 tr\u1ee3 https:\/\/ql.kthtx.vn\/dangky.php<\/p>\n","protected":false},"author":1,"featured_media":0,"parent":0,"menu_order":0,"comment_status":"closed","ping_status":"closed","template":"","meta":{"_mi_skip_tracking":false,"_monsterinsights_sitenote_active":false,"_monsterinsights_sitenote_note":"","_monsterinsights_sitenote_category":0,"footnotes":""},"class_list":["post-42","page","type-page","status-publish","hentry","grid-sizer"],"_links":{"self":[{"href":"https:\/\/kthtx.vn\/index.php\/wp-json\/wp\/v2\/pages\/42","targetHints":{"allow":["GET"]}}],"collection":[{"href":"https:\/\/kthtx.vn\/index.php\/wp-json\/wp\/v2\/pages"}],"about":[{"href":"https:\/\/kthtx.vn\/index.php\/wp-json\/wp\/v2\/types\/page"}],"author":[{"embeddable":true,"href":"https:\/\/kthtx.vn\/index.php\/wp-json\/wp\/v2\/users\/1"}],"replies":[{"embeddable":true,"href":"https:\/\/kthtx.vn\/index.php\/wp-json\/wp\/v2\/comments?post=42"}],"version-history":[{"count":67,"href":"https:\/\/kthtx.vn\/index.php\/wp-json\/wp\/v2\/pages\/42\/revisions"}],"predecessor-version":[{"id":2563,"href":"https:\/\/kthtx.vn\/index.php\/wp-json\/wp\/v2\/pages\/42\/revisions\/2563"}],"wp:attachment":[{"href":"https:\/\/kthtx.vn\/index.php\/wp-json\/wp\/v2\/media?parent=42"}],"curies":[{"name":"wp","href":"https:\/\/api.w.org\/{rel}","templated":true}]}}