{"id":7,"date":"2021-02-24T08:06:06","date_gmt":"2021-02-24T01:06:06","guid":{"rendered":"http:\/\/kthtx.vn\/?page_id=7"},"modified":"2024-03-26T09:35:43","modified_gmt":"2024-03-26T02:35:43","slug":"http-kthtx-vn-lien-he","status":"publish","type":"page","link":"https:\/\/kthtx.vn\/index.php\/support\/http-kthtx-vn-lien-he\/","title":{"rendered":"\u0110\u0103ng k\u00fd d\u00f9ng ph\u1ea7n m\u1ec1m k\u1ebf to\u00e1n HTX"},"content":{"rendered":"\n<p>Ph\u00ed s\u1eed d\u1ee5ng ph\u1ea7n m\u1ec1m k\u1ebf to\u00e1n HTX g\u00f3i c\u0103n b\u1ea3n: 1.500.000\u0111\/1n\u0103m t\u00e0i ch\u00ednh(b\u00e1o gi\u00e1 \u00e1p d\u1ee5ng \u0111\u1ebfn 31\/03\/2023)<\/p>\n\n\n\n<ul class=\"wp-block-list\"><li><strong>Cam k\u1ebft ho\u00e0n ti\u1ec1n n\u1ebfu kh\u00f4ng s\u1eed d\u1ee5ng \u0111\u01b0\u1ee3c sau m\u1ed9t th\u00e1ng<\/strong><\/li><li><strong>C\u00f4ng ty h\u1ed7 tr\u1ee3 ki\u1ec3m tra s\u1ed1 li\u1ec7u v\u00e0 l\u00e0m b\u00e1o c\u00e1o t\u00e0i ch\u00ednh cu\u1ed1i n\u0103m<\/strong><\/li><li><strong>H\u1ed7 tr\u1ee3 so\u00e1t x\u00e9t s\u1ed1 li\u1ec7u v\u00e0 b\u00e1o c\u00e1o t\u1ea5t c\u1ea3 c\u00e1c n\u0103m <\/strong><\/li><li><strong>Chuy\u00ean gia t\u01b0 v\u1ea5n v\u00e0 h\u1ed7 tr\u1ee3 c\u00f3 kinh nghi\u1ec7m 20 n\u0103m v\u1edbi h\u1ec7 th\u1ed1ng h\u1ee3p t\u00e1c x\u00e3 Vi\u1ec7t Nam<\/strong><\/li><\/ul>\n\n\n\n<div class=\"wp-block-buttons is-layout-flex wp-block-buttons-is-layout-flex\">\n<div class=\"wp-block-button is-style-fill\"><a class=\"wp-block-button__link has-text-color has-very-light-gray-color has-background has-vivid-green-cyan-background-color\" href=\"http:\/\/ql.kthtx.vn\/dangky.php\">\u0110\u0103ng k\u00fd d\u00f9ng th\u1eed<\/a><\/div>\n<\/div>\n\n\n\n<figure><iframe loading=\"lazy\" src=\"https:\/\/www.youtube.com\/embed\/B2MnhTdqwfk\" allowfullscreen=\"\" width=\"950\" height=\"650\"><\/iframe><\/figure>\n","protected":false},"excerpt":{"rendered":"<p>Ph\u00ed s\u1eed d\u1ee5ng ph\u1ea7n m\u1ec1m k\u1ebf to\u00e1n HTX g\u00f3i c\u0103n b\u1ea3n: 1.500.000\u0111\/1n\u0103m t\u00e0i ch\u00ednh(b\u00e1o gi\u00e1 \u00e1p d\u1ee5ng \u0111\u1ebfn 31\/03\/2023) Cam k\u1ebft ho\u00e0n ti\u1ec1n n\u1ebfu kh\u00f4ng s\u1eed d\u1ee5ng \u0111\u01b0\u1ee3c sau m\u1ed9t th\u00e1ng C\u00f4ng ty h\u1ed7 tr\u1ee3 ki\u1ec3m tra s\u1ed1 li\u1ec7u v\u00e0 l\u00e0m b\u00e1o c\u00e1o t\u00e0i ch\u00ednh cu\u1ed1i n\u0103m H\u1ed7 tr\u1ee3 so\u00e1t x\u00e9t s\u1ed1 li\u1ec7u v\u00e0 b\u00e1o &hellip; <\/p>\n","protected":false},"author":1,"featured_media":48,"parent":42,"menu_order":0,"comment_status":"closed","ping_status":"closed","template":"","meta":{"_mi_skip_tracking":false,"_monsterinsights_sitenote_active":false,"_monsterinsights_sitenote_note":"","_monsterinsights_sitenote_category":0,"footnotes":""},"class_list":["post-7","page","type-page","status-publish","has-post-thumbnail","hentry","grid-sizer"],"_links":{"self":[{"href":"https:\/\/kthtx.vn\/index.php\/wp-json\/wp\/v2\/pages\/7","targetHints":{"allow":["GET"]}}],"collection":[{"href":"https:\/\/kthtx.vn\/index.php\/wp-json\/wp\/v2\/pages"}],"about":[{"href":"https:\/\/kthtx.vn\/index.php\/wp-json\/wp\/v2\/types\/page"}],"author":[{"embeddable":true,"href":"https:\/\/kthtx.vn\/index.php\/wp-json\/wp\/v2\/users\/1"}],"replies":[{"embeddable":true,"href":"https:\/\/kthtx.vn\/index.php\/wp-json\/wp\/v2\/comments?post=7"}],"version-history":[{"count":23,"href":"https:\/\/kthtx.vn\/index.php\/wp-json\/wp\/v2\/pages\/7\/revisions"}],"predecessor-version":[{"id":1319,"href":"https:\/\/kthtx.vn\/index.php\/wp-json\/wp\/v2\/pages\/7\/revisions\/1319"}],"up":[{"embeddable":true,"href":"https:\/\/kthtx.vn\/index.php\/wp-json\/wp\/v2\/pages\/42"}],"wp:featuredmedia":[{"embeddable":true,"href":"https:\/\/kthtx.vn\/index.php\/wp-json\/wp\/v2\/media\/48"}],"wp:attachment":[{"href":"https:\/\/kthtx.vn\/index.php\/wp-json\/wp\/v2\/media?parent=7"}],"curies":[{"name":"wp","href":"https:\/\/api.w.org\/{rel}","templated":true}]}}