{"id":702,"date":"2022-10-07T07:35:20","date_gmt":"2022-10-07T00:35:20","guid":{"rendered":"http:\/\/kthtx.vn\/?page_id=702"},"modified":"2023-03-09T09:08:55","modified_gmt":"2023-03-09T02:08:55","slug":"chuyen-doi-so-htx","status":"publish","type":"page","link":"https:\/\/kthtx.vn\/index.php\/chuyen-doi-so-htx\/","title":{"rendered":"CHUY\u1ec2N \u0110\u1ed4I S\u1ed0 HTX"},"content":{"rendered":"\n<p><strong>Gi\u1edbi thi\u1ec7u hu\u1ea5n luy\u1ec7n chuy\u1ec3n \u0111\u1ed5i s\u1ed1 H\u1ee3p T\u00e1c X\u00e3<\/strong><\/p>\n\n\n\n<p>&nbsp;&nbsp;&nbsp;&nbsp;&nbsp;&nbsp;&nbsp;&nbsp;&nbsp;&nbsp;&nbsp;&nbsp;V\u1edbi kinh nghi\u1ec7m 20 t\u01b0 v\u1ea5n chuy\u1ec3n giao gi\u1ea3i ph\u00e1p ph\u1ea7n m\u1ec1m cho h\u1ee3p t\u00e1c x\u00e3 Vi\u1ec7t Nam. \u0110\u1ed9i ng\u0169 chuy\u00ean gia c\u00f4ng ty \u0111\u00e3 thi\u1ebft k\u1ebf ch\u01b0\u01a1ng tr\u00ecnh \u0111\u00e0o t\u1ea1o b\u1ed3i d\u01b0\u1ee1ng ki\u1ebfn th\u1ee9c chuy\u1ec3n \u0111\u1ed5i s\u1ed1 d\u00e0nh ri\u00eang cho h\u1ee3p t\u00e1c x\u00e3. Kho\u00e1 h\u1ecdc \u0111\u01b0\u1ee3c c\u00e1c chuy\u00ean gia \u0111\u1ea7u l\u0129nh v\u1ef1c v\u00e0 am hi\u1ec3u th\u1ef1c ti\u1ec5n h\u1ee3p t\u00e1c x\u00e3 t\u1ed5 ch\u1ee9c hu\u1ea5n luy\u1ec7n<\/p>\n\n\n\n<p><strong>M\u1ee5c ti\u00eau kho\u00e1 h\u1ecdc<\/strong><\/p>\n\n\n\n<ul class=\"wp-block-list\"><li>Cung c\u1ea5p ki\u1ebfn th\u1ee9c v\u1ec1 chuy\u1ec3n \u0111\u1ed5i s\u1ed1 v\u00e0 ph\u01b0\u01a1ng ph\u00e1p chuy\u1ec3n \u0111\u1ed5i s\u1ed1 \u0111\u1ed1i v\u1edbi h\u1ee3p t\u00e1c x\u00e3. Nh\u1eefng \u0111i\u1ec1u ki\u1ec7n c\u1ea7n thi\u1ebft \u0111\u1ec3 th\u1ef1c hi\u1ec7n chuy\u1ec3n \u0111\u1ed5i s\u1ed1 \u0111\u1ed1i v\u1edbi h\u1ee3p t\u00e1c x\u00e3<\/li><li>Ho\u1ea1ch \u0111\u1ecbnh chi\u1ebfn l\u01b0\u1ee3c chuy\u1ec3n \u0111\u1ed5i s\u1ed1 trong h\u1ee3p t\u00e1c x\u00e3<\/li><li>Th\u1ef1c thi chi\u1ebfn l\u01b0\u1ee3c chuy\u1ec3n \u0111\u1ed5i s\u1ed1 trong h\u1ee3p t\u00e1c x\u00e3<\/li><li>Tr\u1ea3i nghi\u1ec7m v\u00e0 \u1ee9ng d\u1ee5ng chuy\u1ec3n \u0111\u1ed5i s\u1ed1 trong h\u1ee3p t\u00e1c x\u00e3<\/li><\/ul>\n\n\n\n<p><strong>\u0110\u1ed1i t\u01b0\u1ee3ng&nbsp;<\/strong><\/p>\n\n\n\n<ul class=\"wp-block-list\"><li>Ch\u1ee7 t\u1ecbch h\u1ed9i \u0111\u1ed3ng qu\u1ea3n tr\u1ecb, Gi\u00e1m \u0111\u1ed1c h\u1ee3p t\u00e1c x\u00e3<\/li><li>K\u1ebf to\u00e1n to\u00e1n h\u1ee3p t\u00e1c x\u00e3<\/li><li>Th\u00e0nh vi\u00ean h\u1ed9i \u0111\u1ed3ng qu\u1ea3n tr\u1ecb h\u1ee3p t\u00e1c x\u00e3<\/li><\/ul>\n\n\n\n<p><strong>Th\u1eddi l\u01b0\u1ee3ng<\/strong>: ch\u01b0\u01a1ng tr\u00ecnh chuy\u1ec3n \u0111\u1ed5i s\u1ed1 h\u1ee3p t\u00e1c x\u00e3 \u0111\u01b0\u1ee3c di\u1ec5n ra 6 bu\u1ed5i<\/p>\n\n\n\n<p><strong>N\u1ed9i dung kho\u00e1 h\u1ecdc:<\/strong><\/p>\n\n\n\n<p>&nbsp;&nbsp;&nbsp;&nbsp;&nbsp;&nbsp;&nbsp;&nbsp;&nbsp;&nbsp;&nbsp;&nbsp;+ L\u00fd thuy\u1ebft chuy\u1ec3n \u0111\u1ed5i s\u1ed1<\/p>\n\n\n\n<p>&nbsp;&nbsp;&nbsp;&nbsp;&nbsp;&nbsp;&nbsp;&nbsp;&nbsp;&nbsp;&nbsp;&nbsp;+ Th\u1ea3o lu\u1eadn v\u1ec1 chuy\u1ec3n \u0111\u1ed5i s\u1ed1 trong h\u1ee3p t\u00e1c x\u00e3<\/p>\n\n\n\n<p>&nbsp;&nbsp;&nbsp;&nbsp;&nbsp;&nbsp;&nbsp;&nbsp;&nbsp;&nbsp;&nbsp;&nbsp;+ Quy tr\u00ecnh chuy\u1ec3n \u0111\u1ed5i s\u1ed1 \u1ee9ng d\u1ee5ng trong h\u1ee3p t\u00e1c x\u00e3<\/p>\n\n\n\n<p>\u00a0\u00a0\u00a0\u00a0\u00a0\u00a0\u00a0\u00a0\u00a0\u00a0\u00a0\u00a0+ Th\u1ef1c h\u00e0nh \u1ee9ng d\u1ee5ng chuy\u1ec3n \u0111\u1ed5i s\u1ed1 h\u1ee3p t\u00e1c x\u00e3 tr\u00ean gi\u1ea3i ph\u00e1p ph\u1ea7n m\u1ec1m qu\u1ea3n l\u00fd  h\u1ee3p t\u00e1c x\u00e3<\/p>\n\n\n\n<p><strong>Gi\u1ea3ng vi\u00ean: Nguy\u1ec5n Tr\u1ecdng \u0110\u00f4ng<\/strong><\/p>\n\n\n\n<p>Th\u1ea1c s\u1ef9 Qu\u1ea3n Tr\u1ecb Kinh Doanh &#8211; \u0110\u1ea1i H\u1ecdc Th\u01b0\u01a1ng M\u1ea1i<\/p>\n\n\n\n<p>K\u1ef9 S\u01b0 C\u00f4ng Ngh\u1ec7 Th\u00f4ng Tin &#8211; \u0110\u1ea1i H\u1ecdc B\u00e1ch Khoa H\u00e0 N\u1ed9i<\/p>\n\n\n\n<p>C\u1eed nh\u00e2n Kinh t\u1ebf v\u00e0 ph\u00e1t tri\u1ec3n &#8211; \u0110\u1ea1i H\u1ecdc Kinh T\u1ebf Hu\u1ebf<\/p>\n\n\n\n<p>Th\u00f4ng tin li\u00ean h\u1ec7: 0989 228 108<\/p>\n\n\n\n<p>H\u00ecnh \u1ea3nh c\u00e1c l\u1edbp hu\u1ea5n luy\u1ec7n b\u1ed3i d\u01b0\u1ee1ng : <\/p>\n\n\n\n<figure class=\"wp-block-gallery columns-3 is-cropped wp-block-gallery-1 is-layout-flex wp-block-gallery-is-layout-flex\"><ul class=\"blocks-gallery-grid\"><li class=\"blocks-gallery-item\"><figure><img loading=\"lazy\" decoding=\"async\" width=\"1024\" height=\"576\" src=\"http:\/\/kthtx.vn\/wp-content\/uploads\/2021\/07\/20191212_154637-1024x576.jpg\" alt=\"\" data-id=\"306\" data-full-url=\"http:\/\/kthtx.vn\/wp-content\/uploads\/2021\/07\/20191212_154637-scaled.jpg\" data-link=\"http:\/\/kthtx.vn\/index.php\/ke-toan-hop-tac-xa\/20191212_154637\/\" class=\"wp-image-306\" srcset=\"https:\/\/kthtx.vn\/wp-content\/uploads\/2021\/07\/20191212_154637-1024x576.jpg 1024w, https:\/\/kthtx.vn\/wp-content\/uploads\/2021\/07\/20191212_154637-scaled-600x338.jpg 600w, https:\/\/kthtx.vn\/wp-content\/uploads\/2021\/07\/20191212_154637-300x169.jpg 300w, https:\/\/kthtx.vn\/wp-content\/uploads\/2021\/07\/20191212_154637-768x432.jpg 768w, https:\/\/kthtx.vn\/wp-content\/uploads\/2021\/07\/20191212_154637-1536x864.jpg 1536w, https:\/\/kthtx.vn\/wp-content\/uploads\/2021\/07\/20191212_154637-2048x1152.jpg 2048w, https:\/\/kthtx.vn\/wp-content\/uploads\/2021\/07\/20191212_154637-1200x675.jpg 1200w\" sizes=\"auto, (max-width: 1024px) 100vw, 1024px\" \/><\/figure><\/li><li class=\"blocks-gallery-item\"><figure><img loading=\"lazy\" decoding=\"async\" width=\"576\" height=\"1024\" src=\"http:\/\/kthtx.vn\/wp-content\/uploads\/2021\/07\/20191005_092506-576x1024.jpg\" alt=\"\" data-id=\"292\" data-full-url=\"http:\/\/kthtx.vn\/wp-content\/uploads\/2021\/07\/20191005_092506-scaled.jpg\" data-link=\"http:\/\/kthtx.vn\/index.php\/ke-toan-hop-tac-xa\/20191005_092506\/\" class=\"wp-image-292\" srcset=\"https:\/\/kthtx.vn\/wp-content\/uploads\/2021\/07\/20191005_092506-576x1024.jpg 576w, https:\/\/kthtx.vn\/wp-content\/uploads\/2021\/07\/20191005_092506-scaled-600x1067.jpg 600w, https:\/\/kthtx.vn\/wp-content\/uploads\/2021\/07\/20191005_092506-169x300.jpg 169w, https:\/\/kthtx.vn\/wp-content\/uploads\/2021\/07\/20191005_092506-768x1365.jpg 768w, https:\/\/kthtx.vn\/wp-content\/uploads\/2021\/07\/20191005_092506-864x1536.jpg 864w, https:\/\/kthtx.vn\/wp-content\/uploads\/2021\/07\/20191005_092506-1152x2048.jpg 1152w, https:\/\/kthtx.vn\/wp-content\/uploads\/2021\/07\/20191005_092506-1200x2133.jpg 1200w, https:\/\/kthtx.vn\/wp-content\/uploads\/2021\/07\/20191005_092506-scaled.jpg 1440w\" sizes=\"auto, (max-width: 576px) 100vw, 576px\" \/><\/figure><\/li><li class=\"blocks-gallery-item\"><figure><img loading=\"lazy\" decoding=\"async\" width=\"576\" height=\"1024\" src=\"http:\/\/kthtx.vn\/wp-content\/uploads\/2021\/07\/20191005_092413-576x1024.jpg\" alt=\"\" data-id=\"291\" data-full-url=\"http:\/\/kthtx.vn\/wp-content\/uploads\/2021\/07\/20191005_092413-scaled.jpg\" data-link=\"http:\/\/kthtx.vn\/index.php\/ke-toan-hop-tac-xa\/20191005_092413\/\" class=\"wp-image-291\" srcset=\"https:\/\/kthtx.vn\/wp-content\/uploads\/2021\/07\/20191005_092413-576x1024.jpg 576w, https:\/\/kthtx.vn\/wp-content\/uploads\/2021\/07\/20191005_092413-scaled-600x1067.jpg 600w, https:\/\/kthtx.vn\/wp-content\/uploads\/2021\/07\/20191005_092413-169x300.jpg 169w, https:\/\/kthtx.vn\/wp-content\/uploads\/2021\/07\/20191005_092413-768x1365.jpg 768w, https:\/\/kthtx.vn\/wp-content\/uploads\/2021\/07\/20191005_092413-864x1536.jpg 864w, https:\/\/kthtx.vn\/wp-content\/uploads\/2021\/07\/20191005_092413-1152x2048.jpg 1152w, https:\/\/kthtx.vn\/wp-content\/uploads\/2021\/07\/20191005_092413-1200x2133.jpg 1200w, https:\/\/kthtx.vn\/wp-content\/uploads\/2021\/07\/20191005_092413-scaled.jpg 1440w\" sizes=\"auto, (max-width: 576px) 100vw, 576px\" \/><\/figure><\/li><li class=\"blocks-gallery-item\"><figure><img loading=\"lazy\" decoding=\"async\" width=\"576\" height=\"1024\" src=\"http:\/\/kthtx.vn\/wp-content\/uploads\/2021\/07\/20191005_092148-576x1024.jpg\" alt=\"\" data-id=\"288\" data-full-url=\"http:\/\/kthtx.vn\/wp-content\/uploads\/2021\/07\/20191005_092148-scaled.jpg\" data-link=\"http:\/\/kthtx.vn\/index.php\/ke-toan-hop-tac-xa\/20191005_092148\/\" class=\"wp-image-288\" srcset=\"https:\/\/kthtx.vn\/wp-content\/uploads\/2021\/07\/20191005_092148-576x1024.jpg 576w, https:\/\/kthtx.vn\/wp-content\/uploads\/2021\/07\/20191005_092148-scaled-600x1067.jpg 600w, https:\/\/kthtx.vn\/wp-content\/uploads\/2021\/07\/20191005_092148-169x300.jpg 169w, https:\/\/kthtx.vn\/wp-content\/uploads\/2021\/07\/20191005_092148-768x1365.jpg 768w, https:\/\/kthtx.vn\/wp-content\/uploads\/2021\/07\/20191005_092148-864x1536.jpg 864w, https:\/\/kthtx.vn\/wp-content\/uploads\/2021\/07\/20191005_092148-1152x2048.jpg 1152w, https:\/\/kthtx.vn\/wp-content\/uploads\/2021\/07\/20191005_092148-1200x2133.jpg 1200w, https:\/\/kthtx.vn\/wp-content\/uploads\/2021\/07\/20191005_092148-scaled.jpg 1440w\" sizes=\"auto, (max-width: 576px) 100vw, 576px\" \/><\/figure><\/li><li class=\"blocks-gallery-item\"><figure><img loading=\"lazy\" decoding=\"async\" width=\"1024\" height=\"768\" src=\"http:\/\/kthtx.vn\/wp-content\/uploads\/2021\/07\/IMG_20210726_211529-1024x768.jpg\" alt=\"\" data-id=\"441\" data-full-url=\"http:\/\/kthtx.vn\/wp-content\/uploads\/2021\/07\/IMG_20210726_211529.jpg\" data-link=\"http:\/\/kthtx.vn\/index.php\/ke-toan-hop-tac-xa\/img_20210726_211529\/\" class=\"wp-image-441\" srcset=\"https:\/\/kthtx.vn\/wp-content\/uploads\/2021\/07\/IMG_20210726_211529-1024x768.jpg 1024w, https:\/\/kthtx.vn\/wp-content\/uploads\/2021\/07\/IMG_20210726_211529-600x450.jpg 600w, https:\/\/kthtx.vn\/wp-content\/uploads\/2021\/07\/IMG_20210726_211529-300x225.jpg 300w, https:\/\/kthtx.vn\/wp-content\/uploads\/2021\/07\/IMG_20210726_211529-768x576.jpg 768w, https:\/\/kthtx.vn\/wp-content\/uploads\/2021\/07\/IMG_20210726_211529-1200x900.jpg 1200w, https:\/\/kthtx.vn\/wp-content\/uploads\/2021\/07\/IMG_20210726_211529.jpg 1280w\" sizes=\"auto, (max-width: 1024px) 100vw, 1024px\" \/><\/figure><\/li><li class=\"blocks-gallery-item\"><figure><img loading=\"lazy\" decoding=\"async\" width=\"768\" height=\"1024\" src=\"http:\/\/kthtx.vn\/wp-content\/uploads\/2022\/05\/7c374e9872c6c4e9b56ec781ce0f4378-768x1024.jpg\" alt=\"\" data-id=\"651\" data-full-url=\"http:\/\/kthtx.vn\/wp-content\/uploads\/2022\/05\/7c374e9872c6c4e9b56ec781ce0f4378.jpg\" data-link=\"http:\/\/kthtx.vn\/index.php\/ke-toan-hop-tac-xa\/7c374e9872c6c4e9b56ec781ce0f4378\/\" class=\"wp-image-651\" srcset=\"https:\/\/kthtx.vn\/wp-content\/uploads\/2022\/05\/7c374e9872c6c4e9b56ec781ce0f4378-768x1024.jpg 768w, https:\/\/kthtx.vn\/wp-content\/uploads\/2022\/05\/7c374e9872c6c4e9b56ec781ce0f4378-600x800.jpg 600w, https:\/\/kthtx.vn\/wp-content\/uploads\/2022\/05\/7c374e9872c6c4e9b56ec781ce0f4378-225x300.jpg 225w, https:\/\/kthtx.vn\/wp-content\/uploads\/2022\/05\/7c374e9872c6c4e9b56ec781ce0f4378.jpg 960w\" sizes=\"auto, (max-width: 768px) 100vw, 768px\" \/><\/figure><\/li><li class=\"blocks-gallery-item\"><figure><img loading=\"lazy\" decoding=\"async\" width=\"416\" height=\"280\" src=\"http:\/\/kthtx.vn\/wp-content\/uploads\/2021\/07\/anh1.jpg\" alt=\"\" data-id=\"261\" data-full-url=\"http:\/\/kthtx.vn\/wp-content\/uploads\/2021\/07\/anh1.jpg\" data-link=\"http:\/\/kthtx.vn\/index.php\/ke-toan-hop-tac-xa\/anh1\/\" class=\"wp-image-261\" srcset=\"https:\/\/kthtx.vn\/wp-content\/uploads\/2021\/07\/anh1.jpg 416w, https:\/\/kthtx.vn\/wp-content\/uploads\/2021\/07\/anh1-300x202.jpg 300w\" sizes=\"auto, (max-width: 416px) 100vw, 416px\" \/><\/figure><\/li><li class=\"blocks-gallery-item\"><figure><img loading=\"lazy\" decoding=\"async\" width=\"464\" height=\"343\" src=\"http:\/\/kthtx.vn\/wp-content\/uploads\/2021\/07\/anh2.bmp\" alt=\"\" data-id=\"262\" data-full-url=\"http:\/\/kthtx.vn\/wp-content\/uploads\/2021\/07\/anh2.bmp\" data-link=\"http:\/\/kthtx.vn\/index.php\/ke-toan-hop-tac-xa\/anh2\/\" class=\"wp-image-262\"\/><\/figure><\/li><li class=\"blocks-gallery-item\"><figure><img loading=\"lazy\" decoding=\"async\" width=\"1024\" height=\"768\" src=\"http:\/\/kthtx.vn\/wp-content\/uploads\/2021\/07\/IMG_20191127_114601-1024x768.jpg\" alt=\"\" data-id=\"240\" data-full-url=\"http:\/\/kthtx.vn\/wp-content\/uploads\/2021\/07\/IMG_20191127_114601.jpg\" data-link=\"http:\/\/kthtx.vn\/index.php\/ke-toan-hop-tac-xa\/img_20191127_114601\/\" class=\"wp-image-240\" srcset=\"https:\/\/kthtx.vn\/wp-content\/uploads\/2021\/07\/IMG_20191127_114601-1024x768.jpg 1024w, https:\/\/kthtx.vn\/wp-content\/uploads\/2021\/07\/IMG_20191127_114601-600x450.jpg 600w, https:\/\/kthtx.vn\/wp-content\/uploads\/2021\/07\/IMG_20191127_114601-300x225.jpg 300w, https:\/\/kthtx.vn\/wp-content\/uploads\/2021\/07\/IMG_20191127_114601-768x576.jpg 768w, https:\/\/kthtx.vn\/wp-content\/uploads\/2021\/07\/IMG_20191127_114601-1200x900.jpg 1200w, https:\/\/kthtx.vn\/wp-content\/uploads\/2021\/07\/IMG_20191127_114601.jpg 1280w\" sizes=\"auto, (max-width: 1024px) 100vw, 1024px\" \/><\/figure><\/li><li class=\"blocks-gallery-item\"><figure><img loading=\"lazy\" decoding=\"async\" width=\"1024\" height=\"768\" src=\"http:\/\/kthtx.vn\/wp-content\/uploads\/2021\/07\/IMG_20191127_114556-1024x768.jpg\" alt=\"\" data-id=\"239\" data-full-url=\"http:\/\/kthtx.vn\/wp-content\/uploads\/2021\/07\/IMG_20191127_114556.jpg\" data-link=\"http:\/\/kthtx.vn\/index.php\/ke-toan-hop-tac-xa\/img_20191127_114556\/\" class=\"wp-image-239\" srcset=\"https:\/\/kthtx.vn\/wp-content\/uploads\/2021\/07\/IMG_20191127_114556-1024x768.jpg 1024w, https:\/\/kthtx.vn\/wp-content\/uploads\/2021\/07\/IMG_20191127_114556-600x450.jpg 600w, https:\/\/kthtx.vn\/wp-content\/uploads\/2021\/07\/IMG_20191127_114556-300x225.jpg 300w, https:\/\/kthtx.vn\/wp-content\/uploads\/2021\/07\/IMG_20191127_114556-768x576.jpg 768w, https:\/\/kthtx.vn\/wp-content\/uploads\/2021\/07\/IMG_20191127_114556-1200x900.jpg 1200w, https:\/\/kthtx.vn\/wp-content\/uploads\/2021\/07\/IMG_20191127_114556.jpg 1280w\" sizes=\"auto, (max-width: 1024px) 100vw, 1024px\" \/><\/figure><\/li><li class=\"blocks-gallery-item\"><figure><img loading=\"lazy\" decoding=\"async\" width=\"1024\" height=\"768\" src=\"http:\/\/kthtx.vn\/wp-content\/uploads\/2021\/07\/IMG_20191127_114552-1024x768.jpg\" alt=\"\" data-id=\"238\" data-full-url=\"http:\/\/kthtx.vn\/wp-content\/uploads\/2021\/07\/IMG_20191127_114552.jpg\" data-link=\"http:\/\/kthtx.vn\/index.php\/ke-toan-hop-tac-xa\/img_20191127_114552\/\" class=\"wp-image-238\" srcset=\"https:\/\/kthtx.vn\/wp-content\/uploads\/2021\/07\/IMG_20191127_114552-1024x768.jpg 1024w, https:\/\/kthtx.vn\/wp-content\/uploads\/2021\/07\/IMG_20191127_114552-600x450.jpg 600w, https:\/\/kthtx.vn\/wp-content\/uploads\/2021\/07\/IMG_20191127_114552-300x225.jpg 300w, https:\/\/kthtx.vn\/wp-content\/uploads\/2021\/07\/IMG_20191127_114552-768x576.jpg 768w, https:\/\/kthtx.vn\/wp-content\/uploads\/2021\/07\/IMG_20191127_114552-1200x900.jpg 1200w, https:\/\/kthtx.vn\/wp-content\/uploads\/2021\/07\/IMG_20191127_114552.jpg 1280w\" sizes=\"auto, (max-width: 1024px) 100vw, 1024px\" \/><\/figure><\/li><li class=\"blocks-gallery-item\"><figure><img loading=\"lazy\" decoding=\"async\" width=\"1024\" height=\"576\" src=\"http:\/\/kthtx.vn\/wp-content\/uploads\/2021\/03\/image-1-1024x576.jpeg\" alt=\"\" data-id=\"146\" data-full-url=\"http:\/\/kthtx.vn\/wp-content\/uploads\/2021\/03\/image-1.jpeg\" data-link=\"http:\/\/kthtx.vn\/index.php\/2021\/03\/08\/ung-dung-phan-mem-ke-toan-htx-lotus-tai-thai-binh\/image-1-2\/\" class=\"wp-image-146\" srcset=\"https:\/\/kthtx.vn\/wp-content\/uploads\/2021\/03\/image-1-1024x576.jpeg 1024w, https:\/\/kthtx.vn\/wp-content\/uploads\/2021\/03\/image-1-600x337.jpeg 600w, https:\/\/kthtx.vn\/wp-content\/uploads\/2021\/03\/image-1-300x169.jpeg 300w, https:\/\/kthtx.vn\/wp-content\/uploads\/2021\/03\/image-1-768x432.jpeg 768w, https:\/\/kthtx.vn\/wp-content\/uploads\/2021\/03\/image-1.jpeg 1122w\" sizes=\"auto, (max-width: 1024px) 100vw, 1024px\" \/><\/figure><\/li><li class=\"blocks-gallery-item\"><figure><img loading=\"lazy\" decoding=\"async\" width=\"960\" height=\"720\" src=\"http:\/\/kthtx.vn\/wp-content\/uploads\/2021\/07\/11.jpg\" alt=\"\" data-id=\"228\" data-full-url=\"http:\/\/kthtx.vn\/wp-content\/uploads\/2021\/07\/11.jpg\" data-link=\"http:\/\/kthtx.vn\/index.php\/ke-toan-hop-tac-xa\/attachment\/11\/\" class=\"wp-image-228\" srcset=\"https:\/\/kthtx.vn\/wp-content\/uploads\/2021\/07\/11.jpg 960w, https:\/\/kthtx.vn\/wp-content\/uploads\/2021\/07\/11-600x450.jpg 600w, https:\/\/kthtx.vn\/wp-content\/uploads\/2021\/07\/11-300x225.jpg 300w, https:\/\/kthtx.vn\/wp-content\/uploads\/2021\/07\/11-768x576.jpg 768w\" sizes=\"auto, (max-width: 960px) 100vw, 960px\" \/><\/figure><\/li><li class=\"blocks-gallery-item\"><figure><img loading=\"lazy\" decoding=\"async\" width=\"1024\" height=\"576\" src=\"http:\/\/kthtx.vn\/wp-content\/uploads\/2021\/07\/20180704_153709-1024x576.jpg\" alt=\"\" data-id=\"324\" data-full-url=\"http:\/\/kthtx.vn\/wp-content\/uploads\/2021\/07\/20180704_153709-scaled.jpg\" data-link=\"http:\/\/kthtx.vn\/index.php\/ke-toan-hop-tac-xa\/20180704_153709\/\" class=\"wp-image-324\" srcset=\"https:\/\/kthtx.vn\/wp-content\/uploads\/2021\/07\/20180704_153709-1024x576.jpg 1024w, https:\/\/kthtx.vn\/wp-content\/uploads\/2021\/07\/20180704_153709-scaled-600x338.jpg 600w, https:\/\/kthtx.vn\/wp-content\/uploads\/2021\/07\/20180704_153709-300x169.jpg 300w, https:\/\/kthtx.vn\/wp-content\/uploads\/2021\/07\/20180704_153709-768x432.jpg 768w, https:\/\/kthtx.vn\/wp-content\/uploads\/2021\/07\/20180704_153709-1536x864.jpg 1536w, https:\/\/kthtx.vn\/wp-content\/uploads\/2021\/07\/20180704_153709-2048x1152.jpg 2048w, https:\/\/kthtx.vn\/wp-content\/uploads\/2021\/07\/20180704_153709-1200x675.jpg 1200w\" sizes=\"auto, (max-width: 1024px) 100vw, 1024px\" \/><\/figure><\/li><li class=\"blocks-gallery-item\"><figure><img loading=\"lazy\" decoding=\"async\" width=\"1024\" height=\"576\" src=\"http:\/\/kthtx.vn\/wp-content\/uploads\/2021\/07\/20180704_093738-1024x576.jpg\" alt=\"\" data-id=\"322\" data-full-url=\"http:\/\/kthtx.vn\/wp-content\/uploads\/2021\/07\/20180704_093738-scaled.jpg\" data-link=\"http:\/\/kthtx.vn\/index.php\/ke-toan-hop-tac-xa\/20180704_093738\/\" class=\"wp-image-322\" srcset=\"https:\/\/kthtx.vn\/wp-content\/uploads\/2021\/07\/20180704_093738-1024x576.jpg 1024w, https:\/\/kthtx.vn\/wp-content\/uploads\/2021\/07\/20180704_093738-scaled-600x338.jpg 600w, https:\/\/kthtx.vn\/wp-content\/uploads\/2021\/07\/20180704_093738-300x169.jpg 300w, https:\/\/kthtx.vn\/wp-content\/uploads\/2021\/07\/20180704_093738-768x432.jpg 768w, https:\/\/kthtx.vn\/wp-content\/uploads\/2021\/07\/20180704_093738-1536x864.jpg 1536w, https:\/\/kthtx.vn\/wp-content\/uploads\/2021\/07\/20180704_093738-2048x1152.jpg 2048w, https:\/\/kthtx.vn\/wp-content\/uploads\/2021\/07\/20180704_093738-1200x675.jpg 1200w\" sizes=\"auto, (max-width: 1024px) 100vw, 1024px\" \/><\/figure><\/li><li class=\"blocks-gallery-item\"><figure><img loading=\"lazy\" decoding=\"async\" width=\"1024\" height=\"576\" src=\"http:\/\/kthtx.vn\/wp-content\/uploads\/2021\/07\/20180717_144657-1024x576.jpg\" alt=\"\" data-id=\"332\" data-full-url=\"http:\/\/kthtx.vn\/wp-content\/uploads\/2021\/07\/20180717_144657-scaled.jpg\" data-link=\"http:\/\/kthtx.vn\/index.php\/ke-toan-hop-tac-xa\/20180717_144657\/\" class=\"wp-image-332\" srcset=\"https:\/\/kthtx.vn\/wp-content\/uploads\/2021\/07\/20180717_144657-1024x576.jpg 1024w, https:\/\/kthtx.vn\/wp-content\/uploads\/2021\/07\/20180717_144657-scaled-600x338.jpg 600w, https:\/\/kthtx.vn\/wp-content\/uploads\/2021\/07\/20180717_144657-300x169.jpg 300w, https:\/\/kthtx.vn\/wp-content\/uploads\/2021\/07\/20180717_144657-768x432.jpg 768w, https:\/\/kthtx.vn\/wp-content\/uploads\/2021\/07\/20180717_144657-1536x864.jpg 1536w, https:\/\/kthtx.vn\/wp-content\/uploads\/2021\/07\/20180717_144657-2048x1152.jpg 2048w, https:\/\/kthtx.vn\/wp-content\/uploads\/2021\/07\/20180717_144657-1200x675.jpg 1200w\" sizes=\"auto, (max-width: 1024px) 100vw, 1024px\" \/><\/figure><\/li><li class=\"blocks-gallery-item\"><figure><img loading=\"lazy\" decoding=\"async\" width=\"576\" height=\"1024\" src=\"http:\/\/kthtx.vn\/wp-content\/uploads\/2021\/07\/20180717_141908-576x1024.jpg\" alt=\"\" data-id=\"331\" data-full-url=\"http:\/\/kthtx.vn\/wp-content\/uploads\/2021\/07\/20180717_141908-scaled.jpg\" data-link=\"http:\/\/kthtx.vn\/index.php\/ke-toan-hop-tac-xa\/20180717_141908\/\" class=\"wp-image-331\" srcset=\"https:\/\/kthtx.vn\/wp-content\/uploads\/2021\/07\/20180717_141908-576x1024.jpg 576w, https:\/\/kthtx.vn\/wp-content\/uploads\/2021\/07\/20180717_141908-scaled-600x1067.jpg 600w, https:\/\/kthtx.vn\/wp-content\/uploads\/2021\/07\/20180717_141908-169x300.jpg 169w, https:\/\/kthtx.vn\/wp-content\/uploads\/2021\/07\/20180717_141908-768x1365.jpg 768w, https:\/\/kthtx.vn\/wp-content\/uploads\/2021\/07\/20180717_141908-864x1536.jpg 864w, https:\/\/kthtx.vn\/wp-content\/uploads\/2021\/07\/20180717_141908-1152x2048.jpg 1152w, https:\/\/kthtx.vn\/wp-content\/uploads\/2021\/07\/20180717_141908-1200x2133.jpg 1200w, https:\/\/kthtx.vn\/wp-content\/uploads\/2021\/07\/20180717_141908-scaled.jpg 1440w\" sizes=\"auto, (max-width: 576px) 100vw, 576px\" \/><\/figure><\/li><\/ul><\/figure>\n","protected":false},"excerpt":{"rendered":"<p>Gi\u1edbi thi\u1ec7u hu\u1ea5n luy\u1ec7n chuy\u1ec3n \u0111\u1ed5i s\u1ed1 H\u1ee3p T\u00e1c X\u00e3 &nbsp;&nbsp;&nbsp;&nbsp;&nbsp;&nbsp;&nbsp;&nbsp;&nbsp;&nbsp;&nbsp;&nbsp;V\u1edbi kinh nghi\u1ec7m 20 t\u01b0 v\u1ea5n chuy\u1ec3n giao gi\u1ea3i ph\u00e1p ph\u1ea7n m\u1ec1m cho h\u1ee3p t\u00e1c x\u00e3 Vi\u1ec7t Nam. \u0110\u1ed9i ng\u0169 chuy\u00ean gia c\u00f4ng ty \u0111\u00e3 thi\u1ebft k\u1ebf ch\u01b0\u01a1ng tr\u00ecnh \u0111\u00e0o t\u1ea1o b\u1ed3i d\u01b0\u1ee1ng ki\u1ebfn th\u1ee9c chuy\u1ec3n \u0111\u1ed5i s\u1ed1 d\u00e0nh ri\u00eang cho h\u1ee3p t\u00e1c x\u00e3. Kho\u00e1 &hellip; <\/p>\n","protected":false},"author":1,"featured_media":0,"parent":0,"menu_order":0,"comment_status":"closed","ping_status":"closed","template":"","meta":{"_mi_skip_tracking":false,"_monsterinsights_sitenote_active":false,"_monsterinsights_sitenote_note":"","_monsterinsights_sitenote_category":0,"footnotes":""},"class_list":["post-702","page","type-page","status-publish","hentry","grid-sizer"],"_links":{"self":[{"href":"https:\/\/kthtx.vn\/index.php\/wp-json\/wp\/v2\/pages\/702","targetHints":{"allow":["GET"]}}],"collection":[{"href":"https:\/\/kthtx.vn\/index.php\/wp-json\/wp\/v2\/pages"}],"about":[{"href":"https:\/\/kthtx.vn\/index.php\/wp-json\/wp\/v2\/types\/page"}],"author":[{"embeddable":true,"href":"https:\/\/kthtx.vn\/index.php\/wp-json\/wp\/v2\/users\/1"}],"replies":[{"embeddable":true,"href":"https:\/\/kthtx.vn\/index.php\/wp-json\/wp\/v2\/comments?post=702"}],"version-history":[{"count":6,"href":"https:\/\/kthtx.vn\/index.php\/wp-json\/wp\/v2\/pages\/702\/revisions"}],"predecessor-version":[{"id":874,"href":"https:\/\/kthtx.vn\/index.php\/wp-json\/wp\/v2\/pages\/702\/revisions\/874"}],"wp:attachment":[{"href":"https:\/\/kthtx.vn\/index.php\/wp-json\/wp\/v2\/media?parent=702"}],"curies":[{"name":"wp","href":"https:\/\/api.w.org\/{rel}","templated":true}]}}