{"id":893,"date":"2023-03-17T11:11:51","date_gmt":"2023-03-17T04:11:51","guid":{"rendered":"http:\/\/kthtx.vn\/?page_id=893"},"modified":"2026-04-08T09:20:58","modified_gmt":"2026-04-08T02:20:58","slug":"gioi-thieu-lotus-vina","status":"publish","type":"page","link":"https:\/\/kthtx.vn\/index.php\/gioi-thieu-lotus-vina\/","title":{"rendered":"Gi\u1edbi thi\u1ec7u Lotus Vina"},"content":{"rendered":"\n<p>T\u00ean ti\u1ebfng vi\u1ec7t: C\u00f4ng ty TNHH Ph\u1ea7n M\u1ec1m Lotus Vina&nbsp;<\/p>\n\n\n\n<p>T\u00ean ti\u1ebfng&nbsp;Anh: Lotus Vina Software Company Limited<\/p>\n\n\n\n<p>\u0110\u1ecba&nbsp;ch\u1ec9: T\u1ea7ng&nbsp;15A to\u00e0 nh\u00e0 S301 Khu \u0111\u00f4 th\u1ecb Vinhomes Smart City, Ph\u01b0\u1eddng T\u00e2y M\u1ed7, H\u00e0 N\u1ed9i.<\/p>\n\n\n\n<p>S\u1ed1 \u0111\u0103ng k\u00fd kinh doanh:0103836678<\/p>\n\n\n\n<p>\u0110i\u1ec7n tho\u1ea1i: 046 288 4586 &#8211; 0989 228 108&nbsp;&nbsp;&#8211;&nbsp;Website: kthtx.vn&nbsp;<\/p>\n\n\n\n<p>C\u00f4ng ty Ph\u1ea7n m\u1ec1m Lotus Vina \u0111\u01b0\u1ee3c th\u00e0nh l\u1eadp t\u1eeb 18\/05\/2009. Kinh doanh c\u00e1c ng\u00e0nh ngh\u1ec1 ch\u00ednh l\u00e0 l\u1eadp tr\u00ecnh ph\u1ea7n m\u1ec1m, xu\u1ea5t b\u1ea3n ph\u1ea7n m\u1ec1m, \u0111\u00e0o t\u1ea1o.<\/p>\n\n\n\n<p>V\u1edbi n\u0103ng l\u1ef1c hi\u1ec7n&nbsp;c\u00f3, c\u00f4ng&nbsp;ty&nbsp;t\u1eadp trung v\u00e0o s\u1ea3n xu\u1ea5t v\u00e0 tri\u1ec3n khai \u1ee9ng d\u1ee5ng Qu\u1ea3n Tr\u1ecb Doanh Nghi\u1ec7p, H\u1ee3p t\u00e1c x\u00e3, Li\u00ean Minh HTX bao g\u1ed3m m\u1ed9t n\u1ec1n t\u1ea3ng nh\u01b0 Windows, Mobile, Web app. \u0110\u1ed3ng th\u1eddi s\u1ebd s\u1ea3n xu\u1ea5t m\u1ed9t s\u1ed1 s\u1ea3n ph\u1ea9m kh\u00e1c ph\u1ee5c v\u1ee5 cho nh\u00f3m kh\u00e1ch h\u00e0ng hi\u1ec7n h\u1eefu.<\/p>\n\n\n\n<p class=\"has-text-align-center\"><strong>S\u1ee9 m\u1ec7nh &#8211; T\u1ea7m nh\u00ecn<\/strong><\/p>\n\n\n\n<p>Kh\u00f4ng ng\u1eebng c\u1ea3i ti\u1ebfn s\u1ea3n ph\u1ea9m v\u00e0 ch\u1ea5t l\u01b0\u1ee3ng d\u1ecbch v\u1ee5. v\u1edbi m\u1ee5c ti\u00eau tr\u1edf th\u00e0nh nh\u00e0 s\u1ea3n xu\u1ea5t ph\u1ea7n m\u1ec1m&nbsp;h\u00e0ng \u0111\u1ea7u Vi\u1ec7t Nam.<\/p>\n\n\n\n<p>L\u1ea5y kh\u00e1ch h\u00e0ng l\u00e0m tr\u1ecdng t\u00e2m: LOTUS VINA cam k\u1ebft ph\u1ea5n \u0111\u1ea5u nh\u1eb1m th\u00f5a m\u00e3n t\u1ed1i \u0111a nhu c\u1ea7u kh\u00e1ch h\u00e0ng. LOTUS VINA l\u1ea5y t\u00edn nhi\u1ec7m c\u1ee7a kh\u00e1ch h\u00e0ng l\u00e0m m\u1ee5c \u0111\u00edch \u0111\u1ec3 ho\u1ea1t \u0111\u1ed9ng.&nbsp;<\/p>\n\n\n\n<p>Lu\u00f4n lu\u00f4n n\u0103ng \u0111\u1ed9ng, s\u00e1ng t\u1ea1o: Trong m\u00f4i tr\u01b0\u1eddng c\u1ea1nh tranh quy\u1ebft li\u1ec7t, \u0111\u1ec3 t\u1ed3n t\u1ea1i v\u00e0 ph\u00e1t tri\u1ec3n LOTUS VINA ph\u1ea3i lu\u00f4n lu\u00f4n n\u0103ng \u0111\u1ed9ng v\u00e0 s\u00e1ng t\u1ea1o. Trong c\u00f4ng ty, ch\u00fang t\u00f4i t\u1ea1o m\u1ed9t m\u00f4i tr\u01b0\u1eddng l\u00e0m vi\u1ec7c tho\u1ea3i m\u00e1i, chuy\u00ean nghi\u1ec7p \u0111\u1ec3 m\u1ecdi c\u00e1 nh\u00e2n c\u00f3 th\u1ec3 t\u1ef1 do ph\u00e1t huy h\u1ebft kh\u1ea3 n\u0103ng.&nbsp;<\/p>\n\n\n\n<p>T\u1ea1o l\u1eadp m\u00f4i tr\u01b0\u1eddng l\u00e0m vi\u1ec7c vui v\u1ebb h\u1ea1nh ph\u00fac. M\u1ed7i th\u00e0nh vi\u00ean c\u00f4ng ty s\u1ebd lu\u00f4n c\u1ea3m th\u1ea5y \u0111\u01b0\u1ee3c l\u00e0m vi\u1ec7c l\u00e0 m\u1ed9t h\u1ea1nh ph\u00fac. L\u00e0m vi\u1ec7c \u0111\u1ec3 t\u1ea1o gi\u00e1 tr\u1ecb, l\u00e0m vi\u1ec7c \u0111\u1ec3 chia s\u1ebb t\u00e0i n\u0103ng c\u1ee7a m\u00ecnh cho x\u00e3 h\u1ed9i v\u00e0 c\u1ed9ng \u0111\u1ed3ng. \u0110\u00e2y c\u0169ng l\u00e0 \u0111\u1ec1n \u0111\u00e1p l\u1ea1i c\u00f4ng \u01a1n v\u00e0 x\u00e3 h\u1ed9i c\u1ed9ng \u0111\u1ed3ng \u0111\u00e3 nu\u00f4i d\u01b0\u1ee1ng m\u00ecnh.<\/p>\n\n\n\n<p class=\"has-text-align-center\"><strong>Gi\u00e1 tr\u1ecb c\u1ed1t l\u00f5i<\/strong><\/p>\n\n\n\n<p>LOTUS VINA cam k\u1ebft cung c\u1ea5p ph\u1ea7n m\u1ec1m v\u00e0 d\u1ecbch v\u1ee5 c\u00f4ng ngh\u1ec7 th\u00f4ng tin ch\u1ea5t l\u01b0\u1ee3ng cao b\u1eb1ng s\u1ef1 s\u00e1ng t\u1ea1o, l\u00f2ng tri \u00e2n v\u00e0 tr\u00e1ch nhi\u1ec7m c\u1ee7a m\u00ecnh v\u1edbi x\u00e3 h\u1ed9i<\/p>\n\n\n\n<p class=\"has-text-align-center\"><strong>M\u1ed9t s\u1ed1 h\u00ecnh \u1ea3nh<\/strong><\/p>\n\n\n\n<div class=\"wp-block-group\"><div class=\"wp-block-group__inner-container is-layout-flow wp-block-group-is-layout-flow\">\n<figure class=\"wp-block-embed-wordpress wp-block-embed is-type-wp-embed is-provider-lotus-ph\u1ea7n-m\u1ec1m-k\u1ebf-toan-htx-thong-t\u01b0-71-2024\"><div class=\"wp-block-embed__wrapper\">\n<blockquote class=\"wp-embedded-content\" data-secret=\"xkBV8gWvnX\"><a href=\"https:\/\/kthtx.vn\/index.php\/ke-toan-hop-tac-xa\/\">Tri \u00e2n H\u1ee3p T\u00e1c X\u00e3, Li\u00ean Minh HTX v\u00e0 H\u1ecdc Vi\u00ean !<\/a><\/blockquote><iframe loading=\"lazy\" class=\"wp-embedded-content\" sandbox=\"allow-scripts\" security=\"restricted\" style=\"position: absolute; visibility: hidden;\" title=\"&#8220;Tri \u00e2n H\u1ee3p T\u00e1c X\u00e3, Li\u00ean Minh HTX v\u00e0 H\u1ecdc Vi\u00ean !&#8221; &#8212; Lotus\" src=\"https:\/\/kthtx.vn\/index.php\/ke-toan-hop-tac-xa\/embed\/#?secret=rMG0zVGquo#?secret=xkBV8gWvnX\" data-secret=\"xkBV8gWvnX\" width=\"600\" height=\"338\" frameborder=\"0\" marginwidth=\"0\" marginheight=\"0\" scrolling=\"no\"><\/iframe>\n<\/div><\/figure>\n<\/div><\/div>\n","protected":false},"excerpt":{"rendered":"<p>T\u00ean ti\u1ebfng vi\u1ec7t: C\u00f4ng ty TNHH Ph\u1ea7n M\u1ec1m Lotus Vina&nbsp; T\u00ean ti\u1ebfng&nbsp;Anh: Lotus Vina Software Company Limited \u0110\u1ecba&nbsp;ch\u1ec9: T\u1ea7ng&nbsp;15A to\u00e0 nh\u00e0 S301 Khu \u0111\u00f4 th\u1ecb Vinhomes Smart City, Ph\u01b0\u1eddng T\u00e2y M\u1ed7, H\u00e0 N\u1ed9i. S\u1ed1 \u0111\u0103ng k\u00fd kinh doanh:0103836678 \u0110i\u1ec7n tho\u1ea1i: 046 288 4586 &#8211; 0989 228 108&nbsp;&nbsp;&#8211;&nbsp;Website: kthtx.vn&nbsp; C\u00f4ng ty Ph\u1ea7n m\u1ec1m Lotus Vina \u0111\u01b0\u1ee3c &hellip; <\/p>\n","protected":false},"author":1,"featured_media":2216,"parent":0,"menu_order":0,"comment_status":"closed","ping_status":"closed","template":"","meta":{"_mi_skip_tracking":false,"_monsterinsights_sitenote_active":false,"_monsterinsights_sitenote_note":"","_monsterinsights_sitenote_category":0,"footnotes":""},"class_list":["post-893","page","type-page","status-publish","has-post-thumbnail","hentry","grid-sizer"],"_links":{"self":[{"href":"https:\/\/kthtx.vn\/index.php\/wp-json\/wp\/v2\/pages\/893","targetHints":{"allow":["GET"]}}],"collection":[{"href":"https:\/\/kthtx.vn\/index.php\/wp-json\/wp\/v2\/pages"}],"about":[{"href":"https:\/\/kthtx.vn\/index.php\/wp-json\/wp\/v2\/types\/page"}],"author":[{"embeddable":true,"href":"https:\/\/kthtx.vn\/index.php\/wp-json\/wp\/v2\/users\/1"}],"replies":[{"embeddable":true,"href":"https:\/\/kthtx.vn\/index.php\/wp-json\/wp\/v2\/comments?post=893"}],"version-history":[{"count":14,"href":"https:\/\/kthtx.vn\/index.php\/wp-json\/wp\/v2\/pages\/893\/revisions"}],"predecessor-version":[{"id":2671,"href":"https:\/\/kthtx.vn\/index.php\/wp-json\/wp\/v2\/pages\/893\/revisions\/2671"}],"wp:featuredmedia":[{"embeddable":true,"href":"https:\/\/kthtx.vn\/index.php\/wp-json\/wp\/v2\/media\/2216"}],"wp:attachment":[{"href":"https:\/\/kthtx.vn\/index.php\/wp-json\/wp\/v2\/media?parent=893"}],"curies":[{"name":"wp","href":"https:\/\/api.w.org\/{rel}","templated":true}]}}